{"id":123,"date":"2025-07-11T16:34:22","date_gmt":"2025-07-11T16:34:22","guid":{"rendered":"https:\/\/docvelez.com\/contact-us\/"},"modified":"2025-07-14T03:07:37","modified_gmt":"2025-07-14T03:07:37","slug":"contact-us","status":"publish","type":"page","link":"https:\/\/docvelez.com\/es\/contact-us\/","title":{"rendered":"Contacto"},"content":{"rendered":"<div data-elementor-type=\"wp-page\" data-elementor-id=\"123\" class=\"elementor elementor-123\" data-elementor-post-type=\"page\">\n\t\t\t\t<div class=\"elementor-element elementor-element-7564e842 e-flex e-con-boxed elementor-invisible e-con e-parent\" data-id=\"7564e842\" data-element_type=\"container\" data-settings=\"{&quot;background_background&quot;:&quot;slideshow&quot;,&quot;animation&quot;:&quot;fadeIn&quot;,&quot;background_slideshow_gallery&quot;:[],&quot;background_slideshow_loop&quot;:&quot;yes&quot;,&quot;background_slideshow_slide_duration&quot;:5000,&quot;background_slideshow_slide_transition&quot;:&quot;fade&quot;,&quot;background_slideshow_transition_duration&quot;:500}\">\n\t\t\t\t\t<div class=\"e-con-inner\">\n\t\t\t\t<div class=\"elementor-element elementor-element-4f7d197 elementor-invisible elementor-widget elementor-widget-heading\" data-id=\"4f7d197\" data-element_type=\"widget\" data-settings=\"{&quot;_animation&quot;:&quot;fadeInUp&quot;}\" data-widget_type=\"heading.default\">\n\t\t\t\t\t<h1 class=\"elementor-heading-title elementor-size-default\">Contacto<\/h1>\t\t\t\t<\/div>\n\t\t\t\t<div class=\"elementor-element elementor-element-52631caf elementor-widget__width-initial elementor-widget-mobile__width-inherit elementor-invisible elementor-widget elementor-widget-text-editor\" data-id=\"52631caf\" data-element_type=\"widget\" data-settings=\"{&quot;_animation&quot;:&quot;fadeInUp&quot;}\" data-widget_type=\"text-editor.default\">\n\t\t\t\t\t\t\t\t\t<div id=\"bgLayers_comp-lxmka9ph\" class=\"MW5IWV\" data-hook=\"bgLayers\" data-motion-part=\"BG_LAYER comp-lxmka9ph\"><div id=\"bgMedia_comp-lxmka9ph\" class=\"VgO9Yg\" data-motion-part=\"BG_MEDIA comp-lxmka9ph\">Completa el siguiente formulario para ponerte en contacto con nosotros.\u00a0<\/div><\/div>\t\t\t\t\t\t\t\t<\/div>\n\t\t\t\t\t<\/div>\n\t\t\t\t<\/div>\n\t\t<div class=\"elementor-element elementor-element-9f9ab0d e-flex e-con-boxed e-con e-parent\" data-id=\"9f9ab0d\" data-element_type=\"container\">\n\t\t\t\t\t<div class=\"e-con-inner\">\n\t\t\t\t<div class=\"elementor-element elementor-element-7680526 elementor-button-align-stretch elementor-widget elementor-widget-form\" data-id=\"7680526\" data-element_type=\"widget\" data-settings=\"{&quot;step_next_label&quot;:&quot;Next&quot;,&quot;step_previous_label&quot;:&quot;Previous&quot;,&quot;button_width&quot;:&quot;100&quot;,&quot;step_type&quot;:&quot;number_text&quot;,&quot;step_icon_shape&quot;:&quot;circle&quot;}\" data-widget_type=\"form.default\">\n\t\t\t\t\t\t\t<form class=\"elementor-form\" method=\"post\" name=\"Website Contact\" aria-label=\"Website Contact\" action=\"\">\n\t\t\t<input type=\"hidden\" name=\"post_id\" value=\"123\"\/>\n\t\t\t<input type=\"hidden\" name=\"form_id\" value=\"7680526\"\/>\n\t\t\t<input type=\"hidden\" name=\"referer_title\" value=\"Contact - Dr. Enrique V\u00e9lez\" \/>\n\n\t\t\t\t\t\t\t<input type=\"hidden\" name=\"queried_id\" value=\"123\"\/>\n\t\t\t\n\t\t\t<div class=\"elementor-form-fields-wrapper elementor-labels-above\">\n\t\t\t\t\t\t\t\t<div class=\"elementor-field-type-text elementor-field-group elementor-column elementor-field-group-name elementor-col-50\">\n\t\t\t\t\t\t\t\t\t\t\t\t<label for=\"form-field-name\" class=\"elementor-field-label\">\n\t\t\t\t\t\t\t\tNombre\t\t\t\t\t\t\t<\/label>\n\t\t\t\t\t\t\t\t\t\t\t\t\t\t<input size=\"1\" type=\"text\" name=\"form_fields[name]\" id=\"form-field-name\" class=\"elementor-field elementor-size-sm  elementor-field-textual\" placeholder=\"Nombre\">\n\t\t\t\t\t\t\t\t\t\t\t<\/div>\n\t\t\t\t\t\t\t\t<div class=\"elementor-field-type-tel elementor-field-group elementor-column elementor-field-group-field_f39f044 elementor-col-50\">\n\t\t\t\t\t\t\t\t\t\t\t\t<label for=\"form-field-field_f39f044\" class=\"elementor-field-label\">\n\t\t\t\t\t\t\t\tN\u00famero de tel\u00e9fono\t\t\t\t\t\t\t<\/label>\n\t\t\t\t\t\t\t\t<input size=\"1\" type=\"tel\" name=\"form_fields[field_f39f044]\" id=\"form-field-field_f39f044\" class=\"elementor-field elementor-size-sm  elementor-field-textual\" pattern=\"[0-9()#&amp;+*-=.]+\" title=\"Only numbers and phone characters (#, -, *, etc) are accepted.\">\n\n\t\t\t\t\t\t<\/div>\n\t\t\t\t\t\t\t\t<div class=\"elementor-field-type-email elementor-field-group elementor-column elementor-field-group-email elementor-col-100 elementor-field-required\">\n\t\t\t\t\t\t\t\t\t\t\t\t<label for=\"form-field-email\" class=\"elementor-field-label\">\n\t\t\t\t\t\t\t\tCorreo electr\u00f3nico\t\t\t\t\t\t\t<\/label>\n\t\t\t\t\t\t\t\t\t\t\t\t\t\t<input size=\"1\" type=\"email\" name=\"form_fields[email]\" id=\"form-field-email\" class=\"elementor-field elementor-size-sm  elementor-field-textual\" placeholder=\"Correo electr\u00f3nico\" required=\"required\">\n\t\t\t\t\t\t\t\t\t\t\t<\/div>\n\t\t\t\t\t\t\t\t<div class=\"elementor-field-type-textarea elementor-field-group elementor-column elementor-field-group-message elementor-col-100\">\n\t\t\t\t\t\t\t\t\t\t\t\t<label for=\"form-field-message\" class=\"elementor-field-label\">\n\t\t\t\t\t\t\t\tMensaje\t\t\t\t\t\t\t<\/label>\n\t\t\t\t\t\t<textarea class=\"elementor-field-textual elementor-field  elementor-size-sm\" name=\"form_fields[message]\" id=\"form-field-message\" rows=\"4\" placeholder=\"Mensaje\"><\/textarea>\t\t\t\t<\/div>\n\t\t\t\t\t\t\t\t<div class=\"elementor-field-group elementor-column elementor-field-type-submit elementor-col-100 e-form__buttons\">\n\t\t\t\t\t<button class=\"elementor-button elementor-size-sm\" type=\"submit\">\n\t\t\t\t\t\t<span class=\"elementor-button-content-wrapper\">\n\t\t\t\t\t\t\t\t\t\t\t\t\t\t\t\t\t\t\t\t\t\t<span class=\"elementor-button-text\">ENVIAR<\/span>\n\t\t\t\t\t\t\t\t\t\t\t\t\t<\/span>\n\t\t\t\t\t<\/button>\n\t\t\t\t<\/div>\n\t\t\t<\/div>\n\t\t<input type=\"hidden\" name=\"trp-form-language\" value=\"es\"\/><\/form>\n\t\t\t\t\t\t<\/div>\n\t\t\t\t<div class=\"elementor-element elementor-element-32b5e81 elementor-widget elementor-widget-spacer\" data-id=\"32b5e81\" data-element_type=\"widget\" data-widget_type=\"spacer.default\">\n\t\t\t\t\t\t\t<div class=\"elementor-spacer\">\n\t\t\t<div class=\"elementor-spacer-inner\"><\/div>\n\t\t<\/div>\n\t\t\t\t\t\t<\/div>\n\t\t\t\t\t<\/div>\n\t\t\t\t<\/div>\n\t\t<div class=\"elementor-element elementor-element-2faff579 e-flex e-con-boxed elementor-invisible e-con e-parent\" data-id=\"2faff579\" data-element_type=\"container\" data-settings=\"{&quot;background_background&quot;:&quot;gradient&quot;,&quot;animation&quot;:&quot;fadeIn&quot;}\">\n\t\t\t\t\t<div class=\"e-con-inner\">\n\t\t<div class=\"elementor-element elementor-element-1208f2ad e-flex e-con-boxed e-con e-child\" data-id=\"1208f2ad\" data-element_type=\"container\">\n\t\t\t\t\t<div class=\"e-con-inner\">\n\t\t<div class=\"elementor-element elementor-element-57f6f791 e-flex e-con-boxed e-con e-child\" data-id=\"57f6f791\" data-element_type=\"container\">\n\t\t\t\t\t<div class=\"e-con-inner\">\n\t\t\t\t<div class=\"elementor-element elementor-element-270adbd0 elementor-invisible elementor-widget elementor-widget-elementskit-accordion\" data-id=\"270adbd0\" data-element_type=\"widget\" data-settings=\"{&quot;_animation&quot;:&quot;fadeInUp&quot;}\" data-widget_type=\"elementskit-accordion.default\">\n\t\t\t\t\t<div class=\"ekit-wid-con\" >\n        <div class=\"elementskit-accordion accoedion-primary\" id=\"accordion-69fb2add3d0d4\">\n\n            \n                <div class=\"elementskit-card active\">\n                    <div class=\"elementskit-card-header\" id=\"primaryHeading-0-270adbd0\">\n                        <a href=\"#collapse-194ed4d69fb2add3d0d4\" class=\"ekit-accordion--toggler elementskit-btn-link collapsed\" data-ekit-toggle=\"collapse\" data-target=\"#Collapse-194ed4d69fb2add3d0d4\" aria-expanded=\"true\" aria-controls=\"Collapse-194ed4d69fb2add3d0d4\">\n                                                            <div class=\"ekit_accordion_icon_left_group\">\n                                    <div class=\"ekit_accordion_normal_icon\">\n                                        <!-- Normal Icon -->\n                                        <i class=\"icon icon-plus\"><\/i>                                    <\/div>\n\n                                    <div class=\"ekit_accordion_active_icon\">\n                                        <!-- Active Icon -->\n\t\t\t\t\t\t\t\t\t\t<i class=\"jki jki-minus-light\"><\/i>                                    <\/div>\n                                <\/div>\n\n                            \n                            <span class=\"ekit-accordion-title\">\u00bfQu\u00e9 padecimientos trata el Dr. V\u00e9lez?<\/span>\n\n                            \n                                                    <\/a>\n                    <\/div>\n\n                    <div id=\"Collapse-194ed4d69fb2add3d0d4\" class=\"show collapse\" aria-labelledby=\"primaryHeading-0-270adbd0\" data-parent=\"#accordion-69fb2add3d0d4\">\n\n                        <div class=\"elementskit-card-body ekit-accordion--content\">\n                            <p>El Dr. V\u00e9lez se especializa en el tratamiento de una amplia gama de condiciones ortop\u00e9dicas incluyendo dolor en las articulaciones, fracturas, luxaciones, lesiones deportivas, artritis, contracturas musculares y trauma. Tambi\u00e9n realiza cirug\u00edas como reemplazos de cadera y rodilla, procedimientos m\u00ednimamente invasivos y correcciones de pie y tobillo.<\/p>                        <\/div>\n\n                    <\/div>\n\n                <\/div><!-- .elementskit-card END -->\n\n                \n                <div class=\"elementskit-card\">\n                    <div class=\"elementskit-card-header\" id=\"primaryHeading-1-270adbd0\">\n                        <a href=\"#collapse-7570f5569fb2add3d0d4\" class=\"ekit-accordion--toggler elementskit-btn-link collapsed\" data-ekit-toggle=\"collapse\" data-target=\"#Collapse-7570f5569fb2add3d0d4\" aria-expanded=\"false\" aria-controls=\"Collapse-7570f5569fb2add3d0d4\">\n                                                            <div class=\"ekit_accordion_icon_left_group\">\n                                    <div class=\"ekit_accordion_normal_icon\">\n                                        <!-- Normal Icon -->\n                                        <i class=\"icon icon-plus\"><\/i>                                    <\/div>\n\n                                    <div class=\"ekit_accordion_active_icon\">\n                                        <!-- Active Icon -->\n\t\t\t\t\t\t\t\t\t\t<i class=\"jki jki-minus-light\"><\/i>                                    <\/div>\n                                <\/div>\n\n                            \n                            <span class=\"ekit-accordion-title\">\u00bfNecesito una referencia m\u00e9dica para agendar una consulta?<\/span>\n\n                            \n                                                    <\/a>\n                    <\/div>\n\n                    <div id=\"Collapse-7570f5569fb2add3d0d4\" class=\"collapse\" aria-labelledby=\"primaryHeading-1-270adbd0\" data-parent=\"#accordion-69fb2add3d0d4\">\n\n                        <div class=\"elementskit-card-body ekit-accordion--content\">\n                            <p>No se requiere referencia m\u00e9dica. Puede contactar directamente al Dr. V\u00e9lez para agendar una consulta ortop\u00e9dica, ya sea que presente dolor, se encuentre en proceso de recuperaci\u00f3n de una lesi\u00f3n o est\u00e9 buscando una segunda opini\u00f3n m\u00e9dica.<\/p>                        <\/div>\n\n                    <\/div>\n\n                <\/div><!-- .elementskit-card END -->\n\n                \n                <div class=\"elementskit-card\">\n                    <div class=\"elementskit-card-header\" id=\"primaryHeading-2-270adbd0\">\n                        <a href=\"#collapse-fcea55269fb2add3d0d4\" class=\"ekit-accordion--toggler elementskit-btn-link collapsed\" data-ekit-toggle=\"collapse\" data-target=\"#Collapse-fcea55269fb2add3d0d4\" aria-expanded=\"false\" aria-controls=\"Collapse-fcea55269fb2add3d0d4\">\n                                                            <div class=\"ekit_accordion_icon_left_group\">\n                                    <div class=\"ekit_accordion_normal_icon\">\n                                        <!-- Normal Icon -->\n                                        <i class=\"icon icon-plus\"><\/i>                                    <\/div>\n\n                                    <div class=\"ekit_accordion_active_icon\">\n                                        <!-- Active Icon -->\n\t\t\t\t\t\t\t\t\t\t<i class=\"jki jki-minus-light\"><\/i>                                    <\/div>\n                                <\/div>\n\n                            \n                            <span class=\"ekit-accordion-title\">\u00bfEl Dr. V\u00e9lez habla ingl\u00e9s?<\/span>\n\n                            \n                                                    <\/a>\n                    <\/div>\n\n                    <div id=\"Collapse-fcea55269fb2add3d0d4\" class=\"collapse\" aria-labelledby=\"primaryHeading-2-270adbd0\" data-parent=\"#accordion-69fb2add3d0d4\">\n\n                        <div class=\"elementskit-card-body ekit-accordion--content\">\n                            <p>S\u00ed. El Dr. V\u00e9lez es completamente biling\u00fce en espa\u00f1ol e ingl\u00e9s, lo que garantiza una comunicaci\u00f3n clara, profesional y emp\u00e1tica tanto para pacientes locales como internacionales.<\/p>                        <\/div>\n\n                    <\/div>\n\n                <\/div><!-- .elementskit-card END -->\n\n                \n                <div class=\"elementskit-card\">\n                    <div class=\"elementskit-card-header\" id=\"primaryHeading-3-270adbd0\">\n                        <a href=\"#collapse-1766c0c69fb2add3d0d4\" class=\"ekit-accordion--toggler elementskit-btn-link collapsed\" data-ekit-toggle=\"collapse\" data-target=\"#Collapse-1766c0c69fb2add3d0d4\" aria-expanded=\"false\" aria-controls=\"Collapse-1766c0c69fb2add3d0d4\">\n                                                            <div class=\"ekit_accordion_icon_left_group\">\n                                    <div class=\"ekit_accordion_normal_icon\">\n                                        <!-- Normal Icon -->\n                                        <i class=\"icon icon-plus\"><\/i>                                    <\/div>\n\n                                    <div class=\"ekit_accordion_active_icon\">\n                                        <!-- Active Icon -->\n\t\t\t\t\t\t\t\t\t\t<i class=\"jki jki-minus-light\"><\/i>                                    <\/div>\n                                <\/div>\n\n                            \n                            <span class=\"ekit-accordion-title\">\u00bfEl Dr. V\u00e9lez atiende pacientes de turismo m\u00e9dico?<\/span>\n\n                            \n                                                    <\/a>\n                    <\/div>\n\n                    <div id=\"Collapse-1766c0c69fb2add3d0d4\" class=\"collapse\" aria-labelledby=\"primaryHeading-3-270adbd0\" data-parent=\"#accordion-69fb2add3d0d4\">\n\n                        <div class=\"elementskit-card-body ekit-accordion--content\">\n                            <p>Por supuesto. Con base en Cabo San Lucas, el Dr. V\u00e9lez recibe pacientes internacionales y ofrece acompa\u00f1amiento integral durante todo el proceso de atenci\u00f3n, desde la consulta inicial, la cirug\u00eda, hasta la recuperaci\u00f3n, facilitando una experiencia segura y c\u00f3moda para quienes viajan en busca de atenci\u00f3n ortop\u00e9dica de alta calidad.<\/p>                        <\/div>\n\n                    <\/div>\n\n                <\/div><!-- .elementskit-card END -->\n\n                                        <\/div>\n    <\/div>\t\t\t\t<\/div>\n\t\t\t\t\t<\/div>\n\t\t\t\t<\/div>\n\t\t<div class=\"elementor-element elementor-element-2d44b5a e-con-full e-flex e-con e-child\" data-id=\"2d44b5a\" data-element_type=\"container\">\n\t\t\t\t<div class=\"elementor-element elementor-element-394d2244 elementor-invisible elementor-widget elementor-widget-heading\" data-id=\"394d2244\" data-element_type=\"widget\" data-settings=\"{&quot;_animation&quot;:&quot;fadeInUp&quot;}\" data-widget_type=\"heading.default\">\n\t\t\t\t\t<div class=\"elementor-heading-title elementor-size-default\">Preguntas Frecuentes (FAQ)<\/div>\t\t\t\t<\/div>\n\t\t\t\t<div class=\"elementor-element elementor-element-bf0b61b elementor-widget__width-initial elementor-invisible elementor-widget elementor-widget-jkit_heading\" data-id=\"bf0b61b\" data-element_type=\"widget\" data-settings=\"{&quot;_animation&quot;:&quot;fadeInUp&quot;}\" data-widget_type=\"jkit_heading.default\">\n\t\t\t\t\t<div  class=\"jeg-elementor-kit jkit-heading  align- align-tablet- align-mobile-left jeg_module___69fc71048c18b\" ><div class=\"heading-section-title  display-inline-block\"><h2 class=\"heading-title\">Respuestas claras para que <span class=\"style-gradient\"><span>tu experiencia<\/span><\/span>sea simple y sin complicaciones<\/h2><\/div><\/div>\t\t\t\t<\/div>\n\t\t<div class=\"elementor-element elementor-element-51e3d610 e-con-full e-flex e-con e-child\" data-id=\"51e3d610\" data-element_type=\"container\">\n\t\t<div class=\"elementor-element elementor-element-5b2ed98e e-con-full e-grid e-con e-child\" data-id=\"5b2ed98e\" data-element_type=\"container\">\n\t\t\t\t<div class=\"elementor-element elementor-element-1aae5d31 elementor-widget elementor-widget-button\" data-id=\"1aae5d31\" data-element_type=\"widget\" data-widget_type=\"button.default\">\n\t\t\t\t\t\t\t\t\t\t<a class=\"elementor-button elementor-button-link elementor-size-sm\" href=\"https:\/\/docvelez.com\/es\/virtual-consultation\/\">\n\t\t\t\t\t\t<span class=\"elementor-button-content-wrapper\">\n\t\t\t\t\t\t\t\t\t<span class=\"elementor-button-text\">Consulta Virtual GRATUITA<\/span>\n\t\t\t\t\t<\/span>\n\t\t\t\t\t<\/a>\n\t\t\t\t\t\t\t\t<\/div>\n\t\t\t\t<div class=\"elementor-element elementor-element-3010c9f8 elementor-widget elementor-widget-button\" data-id=\"3010c9f8\" data-element_type=\"widget\" data-widget_type=\"button.default\">\n\t\t\t\t\t\t\t\t\t\t<a class=\"elementor-button elementor-button-link elementor-size-sm\" href=\"https:\/\/docvelez.com\/es\/book-an-appointment\/\">\n\t\t\t\t\t\t<span class=\"elementor-button-content-wrapper\">\n\t\t\t\t\t\t\t\t\t<span class=\"elementor-button-text\">Agenda una Cita<\/span>\n\t\t\t\t\t<\/span>\n\t\t\t\t\t<\/a>\n\t\t\t\t\t\t\t\t<\/div>\n\t\t\t\t<\/div>\n\t\t\t\t<\/div>\n\t\t\t\t<\/div>\n\t\t\t\t\t<\/div>\n\t\t\t\t<\/div>\n\t\t\t\t\t<\/div>\n\t\t\t\t<\/div>\n\t\t\t\t<\/div>","protected":false},"excerpt":{"rendered":"<p>Contact Complete the form below to contact\u00a0 What conditions does Dr. V\u00e9lez treat? Dr. V\u00e9lez specializes in treating a wide range of orthopedic conditions including joint pain, fractures, dislocations, sports injuries, arthritis, muscle contractures, and trauma. He also performs surgeries such as hip and knee replacements, minimally invasive procedures, and foot and ankle corrections. Do [&hellip;]<\/p>","protected":false},"author":2,"featured_media":0,"parent":0,"menu_order":0,"comment_status":"closed","ping_status":"closed","template":"","meta":{"two_page_speed":[],"footnotes":""},"class_list":["post-123","page","type-page","status-publish","hentry"],"yoast_head":"<!-- This site is optimized with the Yoast SEO plugin v26.8 - https:\/\/yoast.com\/product\/yoast-seo-wordpress\/ -->\n<title>Contact - Dr. Enrique V\u00e9lez<\/title>\n<meta name=\"robots\" content=\"index, follow, max-snippet:-1, max-image-preview:large, max-video-preview:-1\" \/>\n<link rel=\"canonical\" href=\"https:\/\/docvelez.com\/es\/contact-us\/\" \/>\n<meta property=\"og:locale\" content=\"es_MX\" \/>\n<meta property=\"og:type\" content=\"article\" \/>\n<meta property=\"og:title\" content=\"Contact - Dr. Enrique V\u00e9lez\" \/>\n<meta property=\"og:description\" content=\"Contact Complete the form below to contact\u00a0 What conditions does Dr. V\u00e9lez treat? Dr. V\u00e9lez specializes in treating a wide range of orthopedic conditions including joint pain, fractures, dislocations, sports injuries, arthritis, muscle contractures, and trauma. He also performs surgeries such as hip and knee replacements, minimally invasive procedures, and foot and ankle corrections. Do [&hellip;]\" \/>\n<meta property=\"og:url\" content=\"https:\/\/docvelez.com\/es\/contact-us\/\" \/>\n<meta property=\"og:site_name\" content=\"Dr. Enrique V\u00e9lez\" \/>\n<meta property=\"article:modified_time\" content=\"2025-07-14T03:07:37+00:00\" \/>\n<meta property=\"og:image\" content=\"https:\/\/docvelez.com\/wp-content\/uploads\/2025\/07\/DocVelezlogo-2-scaled.png\" \/>\n\t<meta property=\"og:image:width\" content=\"2560\" \/>\n\t<meta property=\"og:image:height\" content=\"1978\" \/>\n\t<meta property=\"og:image:type\" content=\"image\/png\" \/>\n<meta name=\"twitter:card\" content=\"summary_large_image\" \/>\n<meta name=\"twitter:label1\" content=\"Tiempo de lectura\" \/>\n\t<meta name=\"twitter:data1\" content=\"1 minuto\" \/>\n<script type=\"application\/ld+json\" class=\"yoast-schema-graph\">{\"@context\":\"https:\/\/schema.org\",\"@graph\":[{\"@type\":\"WebPage\",\"@id\":\"https:\/\/docvelez.com\/contact-us\/\",\"url\":\"https:\/\/docvelez.com\/contact-us\/\",\"name\":\"Contact - Dr. Enrique V\u00e9lez\",\"isPartOf\":{\"@id\":\"https:\/\/docvelez.com\/#website\"},\"datePublished\":\"2025-07-11T16:34:22+00:00\",\"dateModified\":\"2025-07-14T03:07:37+00:00\",\"breadcrumb\":{\"@id\":\"https:\/\/docvelez.com\/contact-us\/#breadcrumb\"},\"inLanguage\":\"es\",\"potentialAction\":[{\"@type\":\"ReadAction\",\"target\":[\"https:\/\/docvelez.com\/contact-us\/\"]}]},{\"@type\":\"BreadcrumbList\",\"@id\":\"https:\/\/docvelez.com\/contact-us\/#breadcrumb\",\"itemListElement\":[{\"@type\":\"ListItem\",\"position\":1,\"name\":\"Home\",\"item\":\"https:\/\/docvelez.com\/\"},{\"@type\":\"ListItem\",\"position\":2,\"name\":\"Contact\"}]},{\"@type\":\"WebSite\",\"@id\":\"https:\/\/docvelez.com\/#website\",\"url\":\"https:\/\/docvelez.com\/\",\"name\":\"Dr. Enrique V\u00e9lez\",\"description\":\"Orthopedic Surgeon, Reconstructive Trauma Specialist in Cabo San Lucas Mexico\",\"publisher\":{\"@id\":\"https:\/\/docvelez.com\/#\/schema\/person\/ecbb9c8dfb41c0f948eb7437a6466d47\"},\"alternateName\":\"docvelez\",\"potentialAction\":[{\"@type\":\"SearchAction\",\"target\":{\"@type\":\"EntryPoint\",\"urlTemplate\":\"https:\/\/docvelez.com\/?s={search_term_string}\"},\"query-input\":{\"@type\":\"PropertyValueSpecification\",\"valueRequired\":true,\"valueName\":\"search_term_string\"}}],\"inLanguage\":\"es\"},{\"@type\":[\"Person\",\"Organization\"],\"@id\":\"https:\/\/docvelez.com\/#\/schema\/person\/ecbb9c8dfb41c0f948eb7437a6466d47\",\"name\":\"Dr. Enrique V\u00e9lez\",\"image\":{\"@type\":\"ImageObject\",\"inLanguage\":\"es\",\"@id\":\"https:\/\/docvelez.com\/#\/schema\/person\/image\/\",\"url\":\"https:\/\/docvelez.com\/wp-content\/uploads\/2025\/07\/DR.-E-N-R-I-Q-U-E-V-E-L-E-Z.png\",\"contentUrl\":\"https:\/\/docvelez.com\/wp-content\/uploads\/2025\/07\/DR.-E-N-R-I-Q-U-E-V-E-L-E-Z.png\",\"width\":1000,\"height\":1000,\"caption\":\"Dr. Enrique V\u00e9lez\"},\"logo\":{\"@id\":\"https:\/\/docvelez.com\/#\/schema\/person\/image\/\"}}]}<\/script>\n<!-- \/ Yoast SEO plugin. -->","yoast_head_json":{"title":"Contact - Dr. Enrique V\u00e9lez","robots":{"index":"index","follow":"follow","max-snippet":"max-snippet:-1","max-image-preview":"max-image-preview:large","max-video-preview":"max-video-preview:-1"},"canonical":"https:\/\/docvelez.com\/es\/contact-us\/","og_locale":"es_MX","og_type":"article","og_title":"Contact - Dr. Enrique V\u00e9lez","og_description":"Contact Complete the form below to contact\u00a0 What conditions does Dr. V\u00e9lez treat? Dr. V\u00e9lez specializes in treating a wide range of orthopedic conditions including joint pain, fractures, dislocations, sports injuries, arthritis, muscle contractures, and trauma. He also performs surgeries such as hip and knee replacements, minimally invasive procedures, and foot and ankle corrections. Do [&hellip;]","og_url":"https:\/\/docvelez.com\/es\/contact-us\/","og_site_name":"Dr. Enrique V\u00e9lez","article_modified_time":"2025-07-14T03:07:37+00:00","og_image":[{"width":2560,"height":1978,"url":"https:\/\/docvelez.com\/wp-content\/uploads\/2025\/07\/DocVelezlogo-2-scaled.png","type":"image\/png"}],"twitter_card":"summary_large_image","twitter_misc":{"Tiempo de lectura":"1 minuto"},"schema":{"@context":"https:\/\/schema.org","@graph":[{"@type":"WebPage","@id":"https:\/\/docvelez.com\/contact-us\/","url":"https:\/\/docvelez.com\/contact-us\/","name":"Contact - Dr. Enrique V\u00e9lez","isPartOf":{"@id":"https:\/\/docvelez.com\/#website"},"datePublished":"2025-07-11T16:34:22+00:00","dateModified":"2025-07-14T03:07:37+00:00","breadcrumb":{"@id":"https:\/\/docvelez.com\/contact-us\/#breadcrumb"},"inLanguage":"es","potentialAction":[{"@type":"ReadAction","target":["https:\/\/docvelez.com\/contact-us\/"]}]},{"@type":"BreadcrumbList","@id":"https:\/\/docvelez.com\/contact-us\/#breadcrumb","itemListElement":[{"@type":"ListItem","position":1,"name":"Home","item":"https:\/\/docvelez.com\/"},{"@type":"ListItem","position":2,"name":"Contact"}]},{"@type":"WebSite","@id":"https:\/\/docvelez.com\/#website","url":"https:\/\/docvelez.com\/","name":"Dr. Enrique V\u00e9lez","description":"Orthopedic Surgeon, Reconstructive Trauma Specialist in Cabo San Lucas Mexico","publisher":{"@id":"https:\/\/docvelez.com\/#\/schema\/person\/ecbb9c8dfb41c0f948eb7437a6466d47"},"alternateName":"docvelez","potentialAction":[{"@type":"SearchAction","target":{"@type":"EntryPoint","urlTemplate":"https:\/\/docvelez.com\/?s={search_term_string}"},"query-input":{"@type":"PropertyValueSpecification","valueRequired":true,"valueName":"search_term_string"}}],"inLanguage":"es"},{"@type":["Person","Organization"],"@id":"https:\/\/docvelez.com\/#\/schema\/person\/ecbb9c8dfb41c0f948eb7437a6466d47","name":"Dr. Enrique V\u00e9lez","image":{"@type":"ImageObject","inLanguage":"es","@id":"https:\/\/docvelez.com\/#\/schema\/person\/image\/","url":"https:\/\/docvelez.com\/wp-content\/uploads\/2025\/07\/DR.-E-N-R-I-Q-U-E-V-E-L-E-Z.png","contentUrl":"https:\/\/docvelez.com\/wp-content\/uploads\/2025\/07\/DR.-E-N-R-I-Q-U-E-V-E-L-E-Z.png","width":1000,"height":1000,"caption":"Dr. Enrique V\u00e9lez"},"logo":{"@id":"https:\/\/docvelez.com\/#\/schema\/person\/image\/"}}]}},"_links":{"self":[{"href":"https:\/\/docvelez.com\/es\/wp-json\/wp\/v2\/pages\/123","targetHints":{"allow":["GET"]}}],"collection":[{"href":"https:\/\/docvelez.com\/es\/wp-json\/wp\/v2\/pages"}],"about":[{"href":"https:\/\/docvelez.com\/es\/wp-json\/wp\/v2\/types\/page"}],"author":[{"embeddable":true,"href":"https:\/\/docvelez.com\/es\/wp-json\/wp\/v2\/users\/2"}],"replies":[{"embeddable":true,"href":"https:\/\/docvelez.com\/es\/wp-json\/wp\/v2\/comments?post=123"}],"version-history":[{"count":0,"href":"https:\/\/docvelez.com\/es\/wp-json\/wp\/v2\/pages\/123\/revisions"}],"wp:attachment":[{"href":"https:\/\/docvelez.com\/es\/wp-json\/wp\/v2\/media?parent=123"}],"curies":[{"name":"wp","href":"https:\/\/api.w.org\/{rel}","templated":true}]}}