{"id":425,"date":"2025-07-12T21:10:42","date_gmt":"2025-07-12T21:10:42","guid":{"rendered":"https:\/\/docvelez.com\/?page_id=425"},"modified":"2025-07-12T21:12:50","modified_gmt":"2025-07-12T21:12:50","slug":"terms-and-condition","status":"publish","type":"page","link":"https:\/\/docvelez.com\/es\/terms-and-condition\/","title":{"rendered":"T\u00e9rminos y Condiciones"},"content":{"rendered":"<div data-elementor-type=\"wp-page\" data-elementor-id=\"425\" class=\"elementor elementor-425\" data-elementor-post-type=\"page\">\n\t\t\t\t<div class=\"elementor-element elementor-element-df1c964 e-flex e-con-boxed e-con e-parent\" data-id=\"df1c964\" data-element_type=\"container\">\n\t\t\t\t\t<div class=\"e-con-inner\">\n\t\t\t\t<div class=\"elementor-element elementor-element-3226078 elementor-widget elementor-widget-heading\" data-id=\"3226078\" data-element_type=\"widget\" data-widget_type=\"heading.default\">\n\t\t\t\t\t<h2 class=\"elementor-heading-title elementor-size-default\">T\u00e9rminos y Condiciones\n<\/h2>\t\t\t\t<\/div>\n\t\t\t\t<div class=\"elementor-element elementor-element-fa94ea6 elementor-widget elementor-widget-text-editor\" data-id=\"fa94ea6\" data-element_type=\"widget\" data-widget_type=\"text-editor.default\">\n\t\t\t\t\t\t\t\t\t<p class=\"font_0 wixui-rich-text__text\"><span class=\"wixui-rich-text__text\">El Dr. Enrique V\u00e9lez ofrece servicios ortop\u00e9dicos en Cabo San Lucas con el compromiso de brindar atenci\u00f3n m\u00e9dica de alta calidad.\u00a0<\/span><span class=\"wixui-rich-text__text\">Todas las citas deben agendarse con anticipaci\u00f3n y pueden estar sujetas a reprogramaci\u00f3n o cancelaci\u00f3n.<\/span><\/p><h4 class=\"font_2 wixui-rich-text__text\"><span class=\"wixui-rich-text__text\">C\u00f3mo recopilamos y utilizamos la informaci\u00f3n<\/span><\/h4><p class=\"font_8 wixui-rich-text__text\"><span class=\"wixui-rich-text__text\">Para enviar una consulta o solicitar una valoraci\u00f3n a trav\u00e9s de nuestro sitio web, ser\u00e1 necesario que nos proporciones informaci\u00f3n que permita identificarte, incluyendo:<\/span><\/p><ul class=\"font_8 wixui-rich-text__text\"><li class=\"wixui-rich-text__text\"><p class=\"font_8 wixui-rich-text__text\"><span class=\"wixui-rich-text__text\">Nombre<\/span><\/p><\/li><li class=\"wixui-rich-text__text\"><p class=\"font_8 wixui-rich-text__text\"><span class=\"wixui-rich-text__text\">Correo electr\u00f3nico<\/span><\/p><\/li><li class=\"wixui-rich-text__text\"><p class=\"font_8 wixui-rich-text__text\"><span class=\"wixui-rich-text__text\">N\u00famero telef\u00f3nico<\/span><\/p><\/li><\/ul><p class=\"font_8 wixui-rich-text__text\"><span class=\"wixui-rich-text__text\">De manera opcional, tambi\u00e9n puedes enviar un mensaje. Esta informaci\u00f3n ser\u00e1 utilizada \u00fanicamente para comunicarnos contigo y dar seguimiento a tu solicitud.<\/span><\/p><p class=\"font_8 wixui-rich-text__text\"><span class=\"wixui-rich-text__text\">Tu informaci\u00f3n personal ser\u00e1 utilizada exclusivamente conforme a lo permitido por la ley.<\/span><\/p><p class=\"font_8 wixui-rich-text__text\"><span class=\"wixui-rich-text__text\">El Dr. Enrique V\u00e9lez utiliza medidas electr\u00f3nicas, f\u00edsicas y administrativas para proteger tu informaci\u00f3n contra accesos no autorizados, divulgaci\u00f3n, alteraci\u00f3n o p\u00e9rdida. No obstante, no podemos garantizar que tu informaci\u00f3n personal \u2014identificable o no\u2014 nunca sea divulgada de una manera que contravenga esta pol\u00edtica de privacidad. No nos hacemos responsables por brechas de seguridad o acciones realizadas por terceros.<\/span><\/p><h4 class=\"font_8 wixui-rich-text__text\"><span class=\"wixui-rich-text__text\">\u200b<\/span><span class=\"wixui-rich-text__text\">Uso de Cookies<\/span><\/h4><p class=\"font_8 wixui-rich-text__text\"><span class=\"wixui-rich-text__text\">Las cookies son peque\u00f1os archivos que se env\u00edan a tu navegador desde un servidor y se almacenan en tu computadora. Estas permiten que docvelez.com mejore tu experiencia como usuario al recopilar y recordar informaci\u00f3n sobre tus preferencias al utilizar el sitio. Las cookies pueden aceptarse o rechazarse y no otorgan acceso a tu computadora ni a la informaci\u00f3n que contiene.<\/span><\/p><p class=\"font_8 wixui-rich-text__text\"><span class=\"wixui-rich-text__text\">La mayor\u00eda de los navegadores aceptan cookies de forma autom\u00e1tica; sin embargo, puedes modificar la configuraci\u00f3n de tu navegador para rechazarlas si as\u00ed lo deseas. Es importante tener en cuenta que, al desactivar las cookies, algunas funciones del sitio podr\u00edan no operar correctamente.<\/span><\/p><p class=\"font_8 wixui-rich-text__text\"><span class=\"wixui-rich-text__text\">Puedes obtener m\u00e1s informaci\u00f3n sobre c\u00f3mo administrar cookies en los navegadores m\u00e1s utilizados:<\/span><\/p><p class=\"font_8 wixui-rich-text__text\"><span class=\"wixui-rich-text__text\">Google Chrome:\u00a0<a class=\"wixui-rich-text__text\" href=\"http:\/\/www.google.com\/support\/chrome\/bin\/answer.py?answer=95647\" target=\"_blank\" rel=\"noreferrer noopener\">http:\/\/www.google.com\/support\/chrome\/bin\/answer.py?answer=95647<\/a><\/span><\/p><p class=\"font_8 wixui-rich-text__text\"><span class=\"wixui-rich-text__text\">Apple Safari:\u00a0<a class=\"wixui-rich-text__text\" href=\"https:\/\/support.apple.com\/guide\/safari\/manage-cookies-and-website-data-sfri11471\/mac\" target=\"_blank\" rel=\"noreferrer noopener\">https:\/\/support.apple.com\/guide\/safari\/manage-cookies-and-website-data-sfri11471\/mac<\/a><\/span><\/p><p class=\"font_8 wixui-rich-text__text\"><span class=\"wixui-rich-text__text\">Microsoft Internet Explorer:\u00a0<a class=\"wixui-rich-text__text\" href=\"https:\/\/privacy.microsoft.com\/en-us\/ie11-win7-privacy-statement\" target=\"_blank\" rel=\"noreferrer noopener\">https:\/\/privacy.microsoft.com\/en-us\/ie11-win7-privacy-statement<\/a><\/span><\/p><p class=\"font_8 wixui-rich-text__text\"><span class=\"wixui-rich-text__text\">Microsoft Edge:\u00a0<a class=\"wixui-rich-text__text\" href=\"https:\/\/privacy.microsoft.com\/en-us\/windows-10-microsoft-edge-and-privacy\" target=\"_blank\" rel=\"noreferrer noopener\">https:\/\/privacy.microsoft.com\/en-us\/windows-10-microsoft-edge-and-privacy<\/a><\/span><\/p><p class=\"font_8 wixui-rich-text__text\"><span class=\"wixui-rich-text__text\">Mozilla Firefox:\u00a0<a class=\"wixui-rich-text__text\" href=\"http:\/\/support.mozilla.com\/en-US\/kb\/Enabling%20and%20disabling%20cookies\" target=\"_blank\" rel=\"noreferrer noopener\">http:\/\/support.mozilla.com\/en-US\/kb\/Enabling%20and%20disabling%20cookies<\/a><\/span><\/p><h4 class=\"font_8 wixui-rich-text__text\"><span class=\"wixui-rich-text__text\">\u200b<\/span><span class=\"wixui-rich-text__text\">Administraci\u00f3n de tu informaci\u00f3n personal<\/span><\/h4><p class=\"font_8 wixui-rich-text__text\"><span class=\"wixui-rich-text__text\">Tomamos todas las medidas necesarias para brindarte acceso a tu informaci\u00f3n personal. Puedes corregir errores o solicitar la eliminaci\u00f3n de tus datos en cualquier momento, siempre que su conservaci\u00f3n no sea requerida por ley o por motivos comerciales leg\u00edtimos. Para iniciar este proceso, deber\u00e1s identificarte claramente y especificar la informaci\u00f3n que deseas consultar, modificar, corregir o eliminar. Nos reservamos el derecho de rechazar solicitudes que comprometan la privacidad de terceros, sean poco razonables, requieran un esfuerzo t\u00e9cnico desproporcionado o impliquen accesos no autorizados. Cuando se concede acceso a la informaci\u00f3n personal del usuario, este se proporciona sin costo, salvo que requiera un esfuerzo considerable por parte de nuestro equipo.<\/span><\/p><p class=\"font_8 wixui-rich-text__text\"><span class=\"wixui-rich-text__text\">Si deseas acceder, modificar o eliminar tu informaci\u00f3n personal,\u00a0<a class=\"wixui-rich-text__text\" href=\"https:\/\/docvelez.com\/es\/contact\/\" target=\"_self\">por favor cont\u00e1ctanos.<\/a>En caso de solicitar la eliminaci\u00f3n de tus datos, estos ser\u00e1n eliminados dentro de un plazo m\u00e1ximo de 7 d\u00edas h\u00e1biles a partir de la recepci\u00f3n de tu solicitud.<\/span><\/p><h4 class=\"font_2 wixui-rich-text__text\"><span class=\"wixui-rich-text__text\">Cambios en la Pol\u00edtica de Privacidad<\/span><\/h4><p class=\"font_8 wixui-rich-text__text\"><span class=\"wixui-rich-text__text\">Nos reservamos el derecho de actualizar o modificar esta pol\u00edtica de privacidad en cualquier momento. En caso de realizar cambios, se publicar\u00e1 un aviso en nuestro sitio web. Dichas modificaciones entrar\u00e1n en vigor a partir de la fecha de su publicaci\u00f3n.<\/span><\/p>\t\t\t\t\t\t\t\t<\/div>\n\t\t\t\t\t<\/div>\n\t\t\t\t<\/div>\n\t\t\t\t<\/div>","protected":false},"excerpt":{"rendered":"<p>Terms and Condition Dr. Enrique Velez provides orthopedic services in Cabo San Lucas with a commitment to delivering high-quality care.\u00a0Appointments must be scheduled in advance and may be subject to rescheduling or cancellation. How We Collect and Use Information In order to send an inquiry or submit a consultation request through our site, you will [&hellip;]<\/p>","protected":false},"author":2,"featured_media":0,"parent":0,"menu_order":0,"comment_status":"closed","ping_status":"closed","template":"elementor_header_footer","meta":{"two_page_speed":[],"footnotes":""},"class_list":["post-425","page","type-page","status-publish","hentry"],"yoast_head":"<!-- This site is optimized with the Yoast SEO plugin v26.8 - https:\/\/yoast.com\/product\/yoast-seo-wordpress\/ -->\n<title>Terms and Condition - Dr. Enrique V\u00e9lez<\/title>\n<meta name=\"robots\" content=\"index, follow, max-snippet:-1, max-image-preview:large, max-video-preview:-1\" \/>\n<link rel=\"canonical\" href=\"https:\/\/docvelez.com\/es\/terms-and-condition\/\" \/>\n<meta property=\"og:locale\" content=\"es_MX\" \/>\n<meta property=\"og:type\" content=\"article\" \/>\n<meta property=\"og:title\" content=\"Terms and Condition - Dr. Enrique V\u00e9lez\" \/>\n<meta property=\"og:description\" content=\"Terms and Condition Dr. Enrique Velez provides orthopedic services in Cabo San Lucas with a commitment to delivering high-quality care.\u00a0Appointments must be scheduled in advance and may be subject to rescheduling or cancellation. How We Collect and Use Information In order to send an inquiry or submit a consultation request through our site, you will [&hellip;]\" \/>\n<meta property=\"og:url\" content=\"https:\/\/docvelez.com\/es\/terms-and-condition\/\" \/>\n<meta property=\"og:site_name\" content=\"Dr. Enrique V\u00e9lez\" \/>\n<meta property=\"article:modified_time\" content=\"2025-07-12T21:12:50+00:00\" \/>\n<meta property=\"og:image\" content=\"https:\/\/docvelez.com\/wp-content\/uploads\/2025\/07\/DocVelezlogo-2-scaled.png\" \/>\n\t<meta property=\"og:image:width\" content=\"2560\" \/>\n\t<meta property=\"og:image:height\" content=\"1978\" \/>\n\t<meta property=\"og:image:type\" content=\"image\/png\" \/>\n<meta name=\"twitter:card\" content=\"summary_large_image\" \/>\n<meta name=\"twitter:label1\" content=\"Tiempo de lectura\" \/>\n\t<meta name=\"twitter:data1\" content=\"2 minutos\" \/>\n<script type=\"application\/ld+json\" class=\"yoast-schema-graph\">{\"@context\":\"https:\/\/schema.org\",\"@graph\":[{\"@type\":\"WebPage\",\"@id\":\"https:\/\/docvelez.com\/terms-and-condition\/\",\"url\":\"https:\/\/docvelez.com\/terms-and-condition\/\",\"name\":\"Terms and Condition - Dr. Enrique V\u00e9lez\",\"isPartOf\":{\"@id\":\"https:\/\/docvelez.com\/#website\"},\"datePublished\":\"2025-07-12T21:10:42+00:00\",\"dateModified\":\"2025-07-12T21:12:50+00:00\",\"breadcrumb\":{\"@id\":\"https:\/\/docvelez.com\/terms-and-condition\/#breadcrumb\"},\"inLanguage\":\"es\",\"potentialAction\":[{\"@type\":\"ReadAction\",\"target\":[\"https:\/\/docvelez.com\/terms-and-condition\/\"]}]},{\"@type\":\"BreadcrumbList\",\"@id\":\"https:\/\/docvelez.com\/terms-and-condition\/#breadcrumb\",\"itemListElement\":[{\"@type\":\"ListItem\",\"position\":1,\"name\":\"Home\",\"item\":\"https:\/\/docvelez.com\/\"},{\"@type\":\"ListItem\",\"position\":2,\"name\":\"Terms and Condition\"}]},{\"@type\":\"WebSite\",\"@id\":\"https:\/\/docvelez.com\/#website\",\"url\":\"https:\/\/docvelez.com\/\",\"name\":\"Dr. Enrique V\u00e9lez\",\"description\":\"Orthopedic Surgeon, Reconstructive Trauma Specialist in Cabo San Lucas Mexico\",\"publisher\":{\"@id\":\"https:\/\/docvelez.com\/#\/schema\/person\/ecbb9c8dfb41c0f948eb7437a6466d47\"},\"alternateName\":\"docvelez\",\"potentialAction\":[{\"@type\":\"SearchAction\",\"target\":{\"@type\":\"EntryPoint\",\"urlTemplate\":\"https:\/\/docvelez.com\/?s={search_term_string}\"},\"query-input\":{\"@type\":\"PropertyValueSpecification\",\"valueRequired\":true,\"valueName\":\"search_term_string\"}}],\"inLanguage\":\"es\"},{\"@type\":[\"Person\",\"Organization\"],\"@id\":\"https:\/\/docvelez.com\/#\/schema\/person\/ecbb9c8dfb41c0f948eb7437a6466d47\",\"name\":\"Dr. Enrique V\u00e9lez\",\"image\":{\"@type\":\"ImageObject\",\"inLanguage\":\"es\",\"@id\":\"https:\/\/docvelez.com\/#\/schema\/person\/image\/\",\"url\":\"https:\/\/docvelez.com\/wp-content\/uploads\/2025\/07\/DR.-E-N-R-I-Q-U-E-V-E-L-E-Z.png\",\"contentUrl\":\"https:\/\/docvelez.com\/wp-content\/uploads\/2025\/07\/DR.-E-N-R-I-Q-U-E-V-E-L-E-Z.png\",\"width\":1000,\"height\":1000,\"caption\":\"Dr. Enrique V\u00e9lez\"},\"logo\":{\"@id\":\"https:\/\/docvelez.com\/#\/schema\/person\/image\/\"}}]}<\/script>\n<!-- \/ Yoast SEO plugin. -->","yoast_head_json":{"title":"Terms and Condition - Dr. Enrique V\u00e9lez","robots":{"index":"index","follow":"follow","max-snippet":"max-snippet:-1","max-image-preview":"max-image-preview:large","max-video-preview":"max-video-preview:-1"},"canonical":"https:\/\/docvelez.com\/es\/terms-and-condition\/","og_locale":"es_MX","og_type":"article","og_title":"Terms and Condition - Dr. Enrique V\u00e9lez","og_description":"Terms and Condition Dr. Enrique Velez provides orthopedic services in Cabo San Lucas with a commitment to delivering high-quality care.\u00a0Appointments must be scheduled in advance and may be subject to rescheduling or cancellation. How We Collect and Use Information In order to send an inquiry or submit a consultation request through our site, you will [&hellip;]","og_url":"https:\/\/docvelez.com\/es\/terms-and-condition\/","og_site_name":"Dr. Enrique V\u00e9lez","article_modified_time":"2025-07-12T21:12:50+00:00","og_image":[{"width":2560,"height":1978,"url":"https:\/\/docvelez.com\/wp-content\/uploads\/2025\/07\/DocVelezlogo-2-scaled.png","type":"image\/png"}],"twitter_card":"summary_large_image","twitter_misc":{"Tiempo de lectura":"2 minutos"},"schema":{"@context":"https:\/\/schema.org","@graph":[{"@type":"WebPage","@id":"https:\/\/docvelez.com\/terms-and-condition\/","url":"https:\/\/docvelez.com\/terms-and-condition\/","name":"Terms and Condition - Dr. Enrique V\u00e9lez","isPartOf":{"@id":"https:\/\/docvelez.com\/#website"},"datePublished":"2025-07-12T21:10:42+00:00","dateModified":"2025-07-12T21:12:50+00:00","breadcrumb":{"@id":"https:\/\/docvelez.com\/terms-and-condition\/#breadcrumb"},"inLanguage":"es","potentialAction":[{"@type":"ReadAction","target":["https:\/\/docvelez.com\/terms-and-condition\/"]}]},{"@type":"BreadcrumbList","@id":"https:\/\/docvelez.com\/terms-and-condition\/#breadcrumb","itemListElement":[{"@type":"ListItem","position":1,"name":"Home","item":"https:\/\/docvelez.com\/"},{"@type":"ListItem","position":2,"name":"Terms and Condition"}]},{"@type":"WebSite","@id":"https:\/\/docvelez.com\/#website","url":"https:\/\/docvelez.com\/","name":"Dr. Enrique V\u00e9lez","description":"Orthopedic Surgeon, Reconstructive Trauma Specialist in Cabo San Lucas Mexico","publisher":{"@id":"https:\/\/docvelez.com\/#\/schema\/person\/ecbb9c8dfb41c0f948eb7437a6466d47"},"alternateName":"docvelez","potentialAction":[{"@type":"SearchAction","target":{"@type":"EntryPoint","urlTemplate":"https:\/\/docvelez.com\/?s={search_term_string}"},"query-input":{"@type":"PropertyValueSpecification","valueRequired":true,"valueName":"search_term_string"}}],"inLanguage":"es"},{"@type":["Person","Organization"],"@id":"https:\/\/docvelez.com\/#\/schema\/person\/ecbb9c8dfb41c0f948eb7437a6466d47","name":"Dr. Enrique V\u00e9lez","image":{"@type":"ImageObject","inLanguage":"es","@id":"https:\/\/docvelez.com\/#\/schema\/person\/image\/","url":"https:\/\/docvelez.com\/wp-content\/uploads\/2025\/07\/DR.-E-N-R-I-Q-U-E-V-E-L-E-Z.png","contentUrl":"https:\/\/docvelez.com\/wp-content\/uploads\/2025\/07\/DR.-E-N-R-I-Q-U-E-V-E-L-E-Z.png","width":1000,"height":1000,"caption":"Dr. Enrique V\u00e9lez"},"logo":{"@id":"https:\/\/docvelez.com\/#\/schema\/person\/image\/"}}]}},"_links":{"self":[{"href":"https:\/\/docvelez.com\/es\/wp-json\/wp\/v2\/pages\/425","targetHints":{"allow":["GET"]}}],"collection":[{"href":"https:\/\/docvelez.com\/es\/wp-json\/wp\/v2\/pages"}],"about":[{"href":"https:\/\/docvelez.com\/es\/wp-json\/wp\/v2\/types\/page"}],"author":[{"embeddable":true,"href":"https:\/\/docvelez.com\/es\/wp-json\/wp\/v2\/users\/2"}],"replies":[{"embeddable":true,"href":"https:\/\/docvelez.com\/es\/wp-json\/wp\/v2\/comments?post=425"}],"version-history":[{"count":0,"href":"https:\/\/docvelez.com\/es\/wp-json\/wp\/v2\/pages\/425\/revisions"}],"wp:attachment":[{"href":"https:\/\/docvelez.com\/es\/wp-json\/wp\/v2\/media?parent=425"}],"curies":[{"name":"wp","href":"https:\/\/api.w.org\/{rel}","templated":true}]}}