{"id":438,"date":"2025-07-12T21:25:10","date_gmt":"2025-07-12T21:25:10","guid":{"rendered":"https:\/\/docvelez.com\/?page_id=438"},"modified":"2025-07-12T21:27:22","modified_gmt":"2025-07-12T21:27:22","slug":"accessibility","status":"publish","type":"page","link":"https:\/\/docvelez.com\/es\/accessibility\/","title":{"rendered":"Accesibilidad"},"content":{"rendered":"<div data-elementor-type=\"wp-page\" data-elementor-id=\"438\" class=\"elementor elementor-438\" data-elementor-post-type=\"page\">\n\t\t\t\t<div class=\"elementor-element elementor-element-d6f45e2 e-flex e-con-boxed e-con e-parent\" data-id=\"d6f45e2\" data-element_type=\"container\">\n\t\t\t\t\t<div class=\"e-con-inner\">\n\t\t\t\t<div class=\"elementor-element elementor-element-8a22499 elementor-widget elementor-widget-heading\" data-id=\"8a22499\" data-element_type=\"widget\" data-widget_type=\"heading.default\">\n\t\t\t\t\t<h2 class=\"elementor-heading-title elementor-size-default\">Declaraci\u00f3n de Accesibilidad\n<\/h2>\t\t\t\t<\/div>\n\t\t\t\t<div class=\"elementor-element elementor-element-1844030 elementor-widget elementor-widget-text-editor\" data-id=\"1844030\" data-element_type=\"widget\" data-widget_type=\"text-editor.default\">\n\t\t\t\t\t\t\t\t\t<p class=\"font_8 wixui-rich-text__text\"><span class=\"wixui-rich-text__text\">Docvelez.com est\u00e1 comprometido a ofrecer soluciones que permitan que los sitios web de nuestros clientes sean accesibles para el mayor n\u00famero de personas posible. Hacemos todos los esfuerzos necesarios para garantizar que las comunicaciones basadas en el sitio web sean accesibles para personas con discapacidades visuales, auditivas, cognitivas y motoras, cumpliendo con los requisitos establecidos por la Ley para Estadounidenses con Discapacidades (ADA).<\/span><\/p><p class=\"font_8 wixui-rich-text__text\"><span class=\"wixui-rich-text__text\"><span class=\"wixGuard wixui-rich-text__text\">\u200b<\/span><\/span><span class=\"wixui-rich-text__text\">Docvelez.com reconoce que los usuarios de internet con discapacidades pueden encontrar dificultades al utilizar algunos sitios web. Somos conscientes de la importancia de este tema y estamos tomando las medidas necesarias para asegurar que los sitios web desarrollados por Sevinc Media Marketing cumplan con las directrices conocidas y las pr\u00e1cticas est\u00e1ndar de la industria, con el objetivo de proporcionar un nivel adecuado de accesibilidad para todos los usuarios. Estas pr\u00e1cticas incluyen, entre otras, caracter\u00edsticas de usabilidad pensadas para usuarios de lectores de pantalla, personas que navegan \u00fanicamente con teclado y usuarios con discapacidades visuales o auditivas.<\/span><\/p><p class=\"font_8 wixui-rich-text__text\"><span class=\"wixui-rich-text__text\">\u00bfQu\u00e9 estamos haciendo?<br class=\"wixui-rich-text__text\" \/>Docvelez.com reconoce que existen diversas interpretaciones sobre el cumplimiento de la ADA debido a la falta de lineamientos publicados claros y espec\u00edficos.<\/span><\/p><p class=\"font_8 wixui-rich-text__text\"><span class=\"wixui-rich-text__text\">Por ello, hemos desarrollado una lista interna de verificaci\u00f3n (checklist) de auditor\u00eda ADA, basada en consorcios de la industria y en los criterios actualmente publicados, con el objetivo de mejorar la accesibilidad para usuarios de internet en todo el mundo y comunicar c\u00f3mo hacer que el contenido web sea m\u00e1s accesible para personas con discapacidades.<\/span><\/p><p class=\"font_8 wixui-rich-text__text\"><span class=\"wixui-rich-text__text\"><span class=\"wixGuard wixui-rich-text__text\">\u200b<\/span><\/span><span class=\"wixui-rich-text__text\">Asimismo, hemos comunicado a nuestra base de clientes la necesidad de actualizar sus sitios web conforme a los requisitos de la ADA, ofreciendo soluciones accesibles y rentables para modernizar sitios antiguos que no cumplen con la normativa.<\/span><\/p><p class=\"font_8 wixui-rich-text__text\"><span class=\"wixui-rich-text__text\">Docvelez.com contin\u00faa destinando recursos adicionales para mejorar estos procesos, evaluar nuevas tecnolog\u00edas y requisitos conforme est\u00e9n disponibles, y desarrollar soluciones web adicionales para personas con discapacidades. De igual manera, seguimos perfeccionando nuestros procesos de auditor\u00eda y evaluaci\u00f3n para el redise\u00f1o y desarrollo de sitios web que cumplan con las directrices actuales del W3C Nivel Uno.<\/span><\/p><p class=\"font_8 wixui-rich-text__text\"><span class=\"wixui-rich-text__text\">Nuestro objetivo es desarrollar sitios web accesibles para todas las personas. Agradecemos tus comentarios y sugerencias. Por favor, env\u00edanos tus preguntas, opiniones o recomendaciones al correo:\u00a0<a class=\"wixui-rich-text__text\" href=\"mailto:info@yourpracticeonline.net\" target=\"_self\">info@docvelez.com<\/a><\/span><\/p>\t\t\t\t\t\t\t\t<\/div>\n\t\t\t\t\t<\/div>\n\t\t\t\t<\/div>\n\t\t\t\t<\/div>","protected":false},"excerpt":{"rendered":"<p>Accessibility Statement Docvelez.com is committed to providing solutions to make our clients\u2019 websites available to as many people as possible. We make every effort to ensure website-based communications are accessible to those with visual, hearing, cognitive, and motor impairments by meeting the requirements of the Americans with Disabilities Act (ADA). \u200bDocvelez.com acknowledges that internet users [&hellip;]<\/p>","protected":false},"author":2,"featured_media":0,"parent":0,"menu_order":0,"comment_status":"closed","ping_status":"closed","template":"elementor_header_footer","meta":{"two_page_speed":[],"footnotes":""},"class_list":["post-438","page","type-page","status-publish","hentry"],"yoast_head":"<!-- This site is optimized with the Yoast SEO plugin v26.8 - https:\/\/yoast.com\/product\/yoast-seo-wordpress\/ -->\n<title>Accessibility - Dr. Enrique V\u00e9lez<\/title>\n<meta name=\"robots\" content=\"index, follow, max-snippet:-1, max-image-preview:large, max-video-preview:-1\" \/>\n<link rel=\"canonical\" href=\"https:\/\/docvelez.com\/es\/accessibility\/\" \/>\n<meta property=\"og:locale\" content=\"es_MX\" \/>\n<meta property=\"og:type\" content=\"article\" \/>\n<meta property=\"og:title\" content=\"Accessibility - Dr. Enrique V\u00e9lez\" \/>\n<meta property=\"og:description\" content=\"Accessibility Statement Docvelez.com is committed to providing solutions to make our clients\u2019 websites available to as many people as possible. We make every effort to ensure website-based communications are accessible to those with visual, hearing, cognitive, and motor impairments by meeting the requirements of the Americans with Disabilities Act (ADA). \u200bDocvelez.com acknowledges that internet users [&hellip;]\" \/>\n<meta property=\"og:url\" content=\"https:\/\/docvelez.com\/es\/accessibility\/\" \/>\n<meta property=\"og:site_name\" content=\"Dr. Enrique V\u00e9lez\" \/>\n<meta property=\"article:modified_time\" content=\"2025-07-12T21:27:22+00:00\" \/>\n<meta property=\"og:image\" content=\"https:\/\/docvelez.com\/wp-content\/uploads\/2025\/07\/DocVelezlogo-2-scaled.png\" \/>\n\t<meta property=\"og:image:width\" content=\"2560\" \/>\n\t<meta property=\"og:image:height\" content=\"1978\" \/>\n\t<meta property=\"og:image:type\" content=\"image\/png\" \/>\n<meta name=\"twitter:card\" content=\"summary_large_image\" \/>\n<meta name=\"twitter:label1\" content=\"Tiempo de lectura\" \/>\n\t<meta name=\"twitter:data1\" content=\"2 minutos\" \/>\n<script type=\"application\/ld+json\" class=\"yoast-schema-graph\">{\"@context\":\"https:\/\/schema.org\",\"@graph\":[{\"@type\":\"WebPage\",\"@id\":\"https:\/\/docvelez.com\/accessibility\/\",\"url\":\"https:\/\/docvelez.com\/accessibility\/\",\"name\":\"Accessibility - Dr. Enrique V\u00e9lez\",\"isPartOf\":{\"@id\":\"https:\/\/docvelez.com\/#website\"},\"datePublished\":\"2025-07-12T21:25:10+00:00\",\"dateModified\":\"2025-07-12T21:27:22+00:00\",\"breadcrumb\":{\"@id\":\"https:\/\/docvelez.com\/accessibility\/#breadcrumb\"},\"inLanguage\":\"es\",\"potentialAction\":[{\"@type\":\"ReadAction\",\"target\":[\"https:\/\/docvelez.com\/accessibility\/\"]}]},{\"@type\":\"BreadcrumbList\",\"@id\":\"https:\/\/docvelez.com\/accessibility\/#breadcrumb\",\"itemListElement\":[{\"@type\":\"ListItem\",\"position\":1,\"name\":\"Home\",\"item\":\"https:\/\/docvelez.com\/\"},{\"@type\":\"ListItem\",\"position\":2,\"name\":\"Accessibility\"}]},{\"@type\":\"WebSite\",\"@id\":\"https:\/\/docvelez.com\/#website\",\"url\":\"https:\/\/docvelez.com\/\",\"name\":\"Dr. Enrique V\u00e9lez\",\"description\":\"Orthopedic Surgeon, Reconstructive Trauma Specialist in Cabo San Lucas Mexico\",\"publisher\":{\"@id\":\"https:\/\/docvelez.com\/#\/schema\/person\/ecbb9c8dfb41c0f948eb7437a6466d47\"},\"alternateName\":\"docvelez\",\"potentialAction\":[{\"@type\":\"SearchAction\",\"target\":{\"@type\":\"EntryPoint\",\"urlTemplate\":\"https:\/\/docvelez.com\/?s={search_term_string}\"},\"query-input\":{\"@type\":\"PropertyValueSpecification\",\"valueRequired\":true,\"valueName\":\"search_term_string\"}}],\"inLanguage\":\"es\"},{\"@type\":[\"Person\",\"Organization\"],\"@id\":\"https:\/\/docvelez.com\/#\/schema\/person\/ecbb9c8dfb41c0f948eb7437a6466d47\",\"name\":\"Dr. Enrique V\u00e9lez\",\"image\":{\"@type\":\"ImageObject\",\"inLanguage\":\"es\",\"@id\":\"https:\/\/docvelez.com\/#\/schema\/person\/image\/\",\"url\":\"https:\/\/docvelez.com\/wp-content\/uploads\/2025\/07\/DR.-E-N-R-I-Q-U-E-V-E-L-E-Z.png\",\"contentUrl\":\"https:\/\/docvelez.com\/wp-content\/uploads\/2025\/07\/DR.-E-N-R-I-Q-U-E-V-E-L-E-Z.png\",\"width\":1000,\"height\":1000,\"caption\":\"Dr. Enrique V\u00e9lez\"},\"logo\":{\"@id\":\"https:\/\/docvelez.com\/#\/schema\/person\/image\/\"}}]}<\/script>\n<!-- \/ Yoast SEO plugin. -->","yoast_head_json":{"title":"Accessibility - Dr. Enrique V\u00e9lez","robots":{"index":"index","follow":"follow","max-snippet":"max-snippet:-1","max-image-preview":"max-image-preview:large","max-video-preview":"max-video-preview:-1"},"canonical":"https:\/\/docvelez.com\/es\/accessibility\/","og_locale":"es_MX","og_type":"article","og_title":"Accessibility - Dr. Enrique V\u00e9lez","og_description":"Accessibility Statement Docvelez.com is committed to providing solutions to make our clients\u2019 websites available to as many people as possible. We make every effort to ensure website-based communications are accessible to those with visual, hearing, cognitive, and motor impairments by meeting the requirements of the Americans with Disabilities Act (ADA). \u200bDocvelez.com acknowledges that internet users [&hellip;]","og_url":"https:\/\/docvelez.com\/es\/accessibility\/","og_site_name":"Dr. Enrique V\u00e9lez","article_modified_time":"2025-07-12T21:27:22+00:00","og_image":[{"width":2560,"height":1978,"url":"https:\/\/docvelez.com\/wp-content\/uploads\/2025\/07\/DocVelezlogo-2-scaled.png","type":"image\/png"}],"twitter_card":"summary_large_image","twitter_misc":{"Tiempo de lectura":"2 minutos"},"schema":{"@context":"https:\/\/schema.org","@graph":[{"@type":"WebPage","@id":"https:\/\/docvelez.com\/accessibility\/","url":"https:\/\/docvelez.com\/accessibility\/","name":"Accessibility - Dr. Enrique V\u00e9lez","isPartOf":{"@id":"https:\/\/docvelez.com\/#website"},"datePublished":"2025-07-12T21:25:10+00:00","dateModified":"2025-07-12T21:27:22+00:00","breadcrumb":{"@id":"https:\/\/docvelez.com\/accessibility\/#breadcrumb"},"inLanguage":"es","potentialAction":[{"@type":"ReadAction","target":["https:\/\/docvelez.com\/accessibility\/"]}]},{"@type":"BreadcrumbList","@id":"https:\/\/docvelez.com\/accessibility\/#breadcrumb","itemListElement":[{"@type":"ListItem","position":1,"name":"Home","item":"https:\/\/docvelez.com\/"},{"@type":"ListItem","position":2,"name":"Accessibility"}]},{"@type":"WebSite","@id":"https:\/\/docvelez.com\/#website","url":"https:\/\/docvelez.com\/","name":"Dr. Enrique V\u00e9lez","description":"Orthopedic Surgeon, Reconstructive Trauma Specialist in Cabo San Lucas Mexico","publisher":{"@id":"https:\/\/docvelez.com\/#\/schema\/person\/ecbb9c8dfb41c0f948eb7437a6466d47"},"alternateName":"docvelez","potentialAction":[{"@type":"SearchAction","target":{"@type":"EntryPoint","urlTemplate":"https:\/\/docvelez.com\/?s={search_term_string}"},"query-input":{"@type":"PropertyValueSpecification","valueRequired":true,"valueName":"search_term_string"}}],"inLanguage":"es"},{"@type":["Person","Organization"],"@id":"https:\/\/docvelez.com\/#\/schema\/person\/ecbb9c8dfb41c0f948eb7437a6466d47","name":"Dr. Enrique V\u00e9lez","image":{"@type":"ImageObject","inLanguage":"es","@id":"https:\/\/docvelez.com\/#\/schema\/person\/image\/","url":"https:\/\/docvelez.com\/wp-content\/uploads\/2025\/07\/DR.-E-N-R-I-Q-U-E-V-E-L-E-Z.png","contentUrl":"https:\/\/docvelez.com\/wp-content\/uploads\/2025\/07\/DR.-E-N-R-I-Q-U-E-V-E-L-E-Z.png","width":1000,"height":1000,"caption":"Dr. Enrique V\u00e9lez"},"logo":{"@id":"https:\/\/docvelez.com\/#\/schema\/person\/image\/"}}]}},"_links":{"self":[{"href":"https:\/\/docvelez.com\/es\/wp-json\/wp\/v2\/pages\/438","targetHints":{"allow":["GET"]}}],"collection":[{"href":"https:\/\/docvelez.com\/es\/wp-json\/wp\/v2\/pages"}],"about":[{"href":"https:\/\/docvelez.com\/es\/wp-json\/wp\/v2\/types\/page"}],"author":[{"embeddable":true,"href":"https:\/\/docvelez.com\/es\/wp-json\/wp\/v2\/users\/2"}],"replies":[{"embeddable":true,"href":"https:\/\/docvelez.com\/es\/wp-json\/wp\/v2\/comments?post=438"}],"version-history":[{"count":0,"href":"https:\/\/docvelez.com\/es\/wp-json\/wp\/v2\/pages\/438\/revisions"}],"wp:attachment":[{"href":"https:\/\/docvelez.com\/es\/wp-json\/wp\/v2\/media?parent=438"}],"curies":[{"name":"wp","href":"https:\/\/api.w.org\/{rel}","templated":true}]}}