{"id":768,"date":"2025-07-14T01:57:55","date_gmt":"2025-07-14T01:57:55","guid":{"rendered":"https:\/\/docvelez.com\/?page_id=768"},"modified":"2025-07-20T21:49:44","modified_gmt":"2025-07-20T21:49:44","slug":"virtual-consultation","status":"publish","type":"page","link":"https:\/\/docvelez.com\/es\/virtual-consultation\/","title":{"rendered":"virtual consultation"},"content":{"rendered":"<div data-elementor-type=\"wp-page\" data-elementor-id=\"768\" class=\"elementor elementor-768\" data-elementor-post-type=\"page\">\n\t\t\t\t<div class=\"elementor-element elementor-element-dcb7979 e-flex e-con-boxed e-con e-parent\" data-id=\"dcb7979\" data-element_type=\"container\">\n\t\t\t\t\t<div class=\"e-con-inner\">\n\t\t\t\t\t<\/div>\n\t\t\t\t<\/div>\n\t\t<div class=\"elementor-element elementor-element-2b304ff e-flex e-con-boxed e-con e-parent\" data-id=\"2b304ff\" data-element_type=\"container\">\n\t\t\t\t\t<div class=\"e-con-inner\">\n\t\t\t\t<div class=\"elementor-element elementor-element-7e4e31d elementor-widget elementor-widget-price-table\" data-id=\"7e4e31d\" data-element_type=\"widget\" data-widget_type=\"price-table.default\">\n\t\t\t\t\t\n\t\t<div class=\"elementor-price-table\">\n\t\t\t\t\t\t\t<div class=\"elementor-price-table__header\">\n\t\t\t\t\t\t\t\t\t\t\t<h3 class=\"elementor-price-table__heading\">\n\t\t\t\t\t\tConsulta Virtual GRATUITA\t\t\t\t\t\t<\/h3>\n\t\t\t\t\t\n\t\t\t\t\t\t\t\t\t<\/div>\n\t\t\t\n\t\t\t<div class=\"elementor-price-table__price\">\n\t\t\t\t\t\t\t\t\t\t\t\t\n\t\t\t\t\n\t\t\t\t\n\t\t\t\t\t\t\t<\/div>\n\n\t\t\t\t\t\t\t<ul class=\"elementor-price-table__features-list\">\n\t\t\t\t\t\t\t\t\t\t\t<li class=\"elementor-repeater-item-9fa74db\">\n\t\t\t\t\t\t\t<div class=\"elementor-price-table__feature-inner\">\n\t\t\t\t\t\t\t\t\t\t\t\t\t\t\t\t\t\t\t\t\t\t\t\t\t<span >\n\t\t\t\t\t\t\t\t\t\t\u00bfEst\u00e1s planeando viajar a Cabo San Lucas para recibir atenci\u00f3n m\u00e9dica? Comienza tu proceso con total confianza a trav\u00e9s de una consulta virtual con el reconocido cirujano ortop\u00e9dico Dr. Enrique V\u00e9lez. Esta videollamada personalizada est\u00e1 dise\u00f1ada especialmente para pacientes internacionales y turistas m\u00e9dicos que buscan orientaci\u00f3n experta antes de viajar. Durante la sesi\u00f3n en vivo, el Dr. V\u00e9lez revisar\u00e1 tu historial m\u00e9dico, analizar\u00e1 tus s\u00edntomas o diagn\u00f3stico y te brindar\u00e1 un plan de tratamiento personalizado, para que puedas viajar completamente informado y preparado. <br>\n Para agendar tu consulta, solo completa el formulario a continuaci\u00f3n y selecciona la fecha y hora de tu preferencia. Recibir\u00e1s un enlace seguro de Google Meet y atenci\u00f3n personalizada de uno de los principales especialistas en ortopedia de M\u00e9xico.  <br>\nComienza tu proceso de recuperaci\u00f3n incluso antes de llegar a Cabo.\t\t\t\t\t\t\t\t\t<\/span>\n\t\t\t\t\t\t\t\t\t\t\t\t\t\t\t\t<\/div>\n\t\t\t\t\t\t<\/li>\n\t\t\t\t\t\t\t\t\t<\/ul>\n\t\t\t\n\t\t\t\t\t\t\t<div class=\"elementor-price-table__footer\">\n\t\t\t\t\t\t\t\t\t\t\t<a class=\"elementor-price-table__button elementor-button elementor-size-md\" href=\"https:\/\/calendar.app.google\/v6YgH9bwJViGFnP86\">\n\t\t\t\t\t\t\tAGENDA AHORA\t\t\t\t\t\t<\/a>\n\t\t\t\t\t\n\t\t\t\t\t\t\t\t\t<\/div>\n\t\t\t\t\t<\/div>\n\n\t\t\t\t\t\t<\/div>\n\t\t\t\t\t<\/div>\n\t\t\t\t<\/div>\n\t\t<div class=\"elementor-element elementor-element-167ad233 e-flex e-con-boxed e-con e-parent\" data-id=\"167ad233\" data-element_type=\"container\" data-settings=\"{&quot;background_background&quot;:&quot;classic&quot;}\">\n\t\t\t\t\t<div class=\"e-con-inner\">\n\t\t<div class=\"elementor-element elementor-element-5ec7008e e-con-full e-flex e-con e-child\" data-id=\"5ec7008e\" data-element_type=\"container\">\n\t\t\t\t<div class=\"elementor-element elementor-element-23d46ee3 elementor-widget elementor-widget-elementskit-heading\" data-id=\"23d46ee3\" data-element_type=\"widget\" data-widget_type=\"elementskit-heading.default\">\n\t\t\t\t\t<div class=\"ekit-wid-con\" ><div class=\"ekit-heading elementskit-section-title-wraper text_center   ekit_heading_tablet-   ekit_heading_mobile-\"><h2 class=\"ekit-heading--title elementskit-section-title\">PREGUNTAS FRECUENTES SOBRE CITAS<\/h2><\/div><\/div>\t\t\t\t<\/div>\n\t\t\t\t<div class=\"elementor-element elementor-element-59893f9f elementor-widget elementor-widget-elementskit-accordion\" data-id=\"59893f9f\" data-element_type=\"widget\" data-widget_type=\"elementskit-accordion.default\">\n\t\t\t\t\t<div class=\"ekit-wid-con\" >\n        <div class=\"elementskit-accordion accoedion-primary\" id=\"accordion-69fc6366d43c6\">\n\n            \n                <div class=\"elementskit-card active\">\n                    <div class=\"elementskit-card-header\" id=\"primaryHeading-0-59893f9f\">\n                        <a href=\"#collapse-14514dc69fc6366d43c6\" class=\"ekit-accordion--toggler elementskit-btn-link collapsed\" data-ekit-toggle=\"collapse\" data-target=\"#Collapse-14514dc69fc6366d43c6\" aria-expanded=\"true\" aria-controls=\"Collapse-14514dc69fc6366d43c6\">\n                            \n                            <span class=\"ekit-accordion-title\">\u00bfC\u00f3mo puedo agendar una consulta con el Dr. V\u00e9lez?<\/span>\n\n                            \n                                <div class=\"ekit_accordion_icon_group\">\n                                    <div class=\"ekit_accordion_normal_icon\">\n                                        <!-- Normal Icon -->\n\t\t\t\t\t\t\t\t\t\t<svg xmlns=\"http:\/\/www.w3.org\/2000\/svg\" width=\"13\" height=\"13\" viewbox=\"0 0 13 13\" fill=\"none\"><path d=\"M7.34933 6.44364L11.9922 6.44364L11.9922 7.15792L7.34933 7.15792L6.84933 7.15792L6.84933 7.65792L6.84933 12.3008L6.13504 12.3008L6.13504 7.65792L6.13504 7.15792L5.63504 7.15792L0.992186 7.15792L0.992186 6.44364L5.63504 6.44364L6.13504 6.44364L6.13504 5.94364L6.13505 1.30078L6.84933 1.30078L6.84933 5.94364L6.84933 6.44364L7.34933 6.44364Z\" fill=\"black\" stroke=\"black\"><\/path><\/svg>                                    <\/div>\n\n                                    <div class=\"ekit_accordion_active_icon\">\n                                        <!-- Active Icon -->\n\t\t\t\t\t\t\t\t\t\t<svg xmlns=\"http:\/\/www.w3.org\/2000\/svg\" width=\"11\" height=\"11\" viewbox=\"0 0 11 11\" fill=\"none\"><path fill-rule=\"evenodd\" clip-rule=\"evenodd\" d=\"M10.9952 1.84873L9.78303 0.636549L5.93738 4.4822L2.30083 0.845651L1.01895 2.12753L4.6555 5.76408L0.809849 9.60973L2.02203 10.8219L5.86768 6.97627L9.50423 10.6128L10.7861 9.33093L7.14957 5.69438L10.9952 1.84873Z\" fill=\"#436CFF\"><\/path><\/svg>                                    <\/div>\n                                <\/div>\n\n                            \n                                                    <\/a>\n                    <\/div>\n\n                    <div id=\"Collapse-14514dc69fc6366d43c6\" class=\"show collapse\" aria-labelledby=\"primaryHeading-0-59893f9f\" data-parent=\"#accordion-69fc6366d43c6\">\n\n                        <div class=\"elementskit-card-body ekit-accordion--content\">\n                            <p>Puedes agendar tu consulta f\u00e1cilmente a trav\u00e9s del sitio web haciendo clic en el bot\u00f3n \u201cAgendar consulta\u201d, o bien contactarnos por WhatsApp o correo electr\u00f3nico.<\/p>                        <\/div>\n\n                    <\/div>\n\n                <\/div><!-- .elementskit-card END -->\n\n                \n                <div class=\"elementskit-card\">\n                    <div class=\"elementskit-card-header\" id=\"primaryHeading-1-59893f9f\">\n                        <a href=\"#collapse-35c8fe469fc6366d43c6\" class=\"ekit-accordion--toggler elementskit-btn-link collapsed\" data-ekit-toggle=\"collapse\" data-target=\"#Collapse-35c8fe469fc6366d43c6\" aria-expanded=\"false\" aria-controls=\"Collapse-35c8fe469fc6366d43c6\">\n                            \n                            <span class=\"ekit-accordion-title\">\u00bfNecesito una referencia m\u00e9dica para agendar una cita?<\/span>\n\n                            \n                                <div class=\"ekit_accordion_icon_group\">\n                                    <div class=\"ekit_accordion_normal_icon\">\n                                        <!-- Normal Icon -->\n\t\t\t\t\t\t\t\t\t\t<svg xmlns=\"http:\/\/www.w3.org\/2000\/svg\" width=\"13\" height=\"13\" viewbox=\"0 0 13 13\" fill=\"none\"><path d=\"M7.34933 6.44364L11.9922 6.44364L11.9922 7.15792L7.34933 7.15792L6.84933 7.15792L6.84933 7.65792L6.84933 12.3008L6.13504 12.3008L6.13504 7.65792L6.13504 7.15792L5.63504 7.15792L0.992186 7.15792L0.992186 6.44364L5.63504 6.44364L6.13504 6.44364L6.13504 5.94364L6.13505 1.30078L6.84933 1.30078L6.84933 5.94364L6.84933 6.44364L7.34933 6.44364Z\" fill=\"black\" stroke=\"black\"><\/path><\/svg>                                    <\/div>\n\n                                    <div class=\"ekit_accordion_active_icon\">\n                                        <!-- Active Icon -->\n\t\t\t\t\t\t\t\t\t\t<svg xmlns=\"http:\/\/www.w3.org\/2000\/svg\" width=\"11\" height=\"11\" viewbox=\"0 0 11 11\" fill=\"none\"><path fill-rule=\"evenodd\" clip-rule=\"evenodd\" d=\"M10.9952 1.84873L9.78303 0.636549L5.93738 4.4822L2.30083 0.845651L1.01895 2.12753L4.6555 5.76408L0.809849 9.60973L2.02203 10.8219L5.86768 6.97627L9.50423 10.6128L10.7861 9.33093L7.14957 5.69438L10.9952 1.84873Z\" fill=\"#436CFF\"><\/path><\/svg>                                    <\/div>\n                                <\/div>\n\n                            \n                                                    <\/a>\n                    <\/div>\n\n                    <div id=\"Collapse-35c8fe469fc6366d43c6\" class=\"collapse\" aria-labelledby=\"primaryHeading-1-59893f9f\" data-parent=\"#accordion-69fc6366d43c6\">\n\n                        <div class=\"elementskit-card-body ekit-accordion--content\">\n                            <p>No se requiere referencia m\u00e9dica. Pacientes locales e internacionales pueden agendar directamente consultas o segundas opiniones.<\/p><h3>\u00a0<\/h3>                        <\/div>\n\n                    <\/div>\n\n                <\/div><!-- .elementskit-card END -->\n\n                \n                <div class=\"elementskit-card\">\n                    <div class=\"elementskit-card-header\" id=\"primaryHeading-2-59893f9f\">\n                        <a href=\"#collapse-c29457c69fc6366d43c6\" class=\"ekit-accordion--toggler elementskit-btn-link collapsed\" data-ekit-toggle=\"collapse\" data-target=\"#Collapse-c29457c69fc6366d43c6\" aria-expanded=\"false\" aria-controls=\"Collapse-c29457c69fc6366d43c6\">\n                            \n                            <span class=\"ekit-accordion-title\">\u00bfOfrecen consultas virtuales?<\/span>\n\n                            \n                                <div class=\"ekit_accordion_icon_group\">\n                                    <div class=\"ekit_accordion_normal_icon\">\n                                        <!-- Normal Icon -->\n\t\t\t\t\t\t\t\t\t\t<svg xmlns=\"http:\/\/www.w3.org\/2000\/svg\" width=\"13\" height=\"13\" viewbox=\"0 0 13 13\" fill=\"none\"><path d=\"M7.34933 6.44364L11.9922 6.44364L11.9922 7.15792L7.34933 7.15792L6.84933 7.15792L6.84933 7.65792L6.84933 12.3008L6.13504 12.3008L6.13504 7.65792L6.13504 7.15792L5.63504 7.15792L0.992186 7.15792L0.992186 6.44364L5.63504 6.44364L6.13504 6.44364L6.13504 5.94364L6.13505 1.30078L6.84933 1.30078L6.84933 5.94364L6.84933 6.44364L7.34933 6.44364Z\" fill=\"black\" stroke=\"black\"><\/path><\/svg>                                    <\/div>\n\n                                    <div class=\"ekit_accordion_active_icon\">\n                                        <!-- Active Icon -->\n\t\t\t\t\t\t\t\t\t\t<svg xmlns=\"http:\/\/www.w3.org\/2000\/svg\" width=\"11\" height=\"11\" viewbox=\"0 0 11 11\" fill=\"none\"><path fill-rule=\"evenodd\" clip-rule=\"evenodd\" d=\"M10.9952 1.84873L9.78303 0.636549L5.93738 4.4822L2.30083 0.845651L1.01895 2.12753L4.6555 5.76408L0.809849 9.60973L2.02203 10.8219L5.86768 6.97627L9.50423 10.6128L10.7861 9.33093L7.14957 5.69438L10.9952 1.84873Z\" fill=\"#436CFF\"><\/path><\/svg>                                    <\/div>\n                                <\/div>\n\n                            \n                                                    <\/a>\n                    <\/div>\n\n                    <div id=\"Collapse-c29457c69fc6366d43c6\" class=\"collapse\" aria-labelledby=\"primaryHeading-2-59893f9f\" data-parent=\"#accordion-69fc6366d43c6\">\n\n                        <div class=\"elementskit-card-body ekit-accordion--content\">\n                            <p>S\u00ed. El Dr. V\u00e9lez ofrece consultas virtuales para pacientes que no pueden acudir de manera presencial. Puedes solicitarla durante el proceso de agendado.<\/p>                        <\/div>\n\n                    <\/div>\n\n                <\/div><!-- .elementskit-card END -->\n\n                \n                <div class=\"elementskit-card\">\n                    <div class=\"elementskit-card-header\" id=\"primaryHeading-3-59893f9f\">\n                        <a href=\"#collapse-f0f54c169fc6366d43c6\" class=\"ekit-accordion--toggler elementskit-btn-link collapsed\" data-ekit-toggle=\"collapse\" data-target=\"#Collapse-f0f54c169fc6366d43c6\" aria-expanded=\"false\" aria-controls=\"Collapse-f0f54c169fc6366d43c6\">\n                            \n                            <span class=\"ekit-accordion-title\">\u00bfPuedo reprogramar o cancelar mi cita?<\/span>\n\n                            \n                                <div class=\"ekit_accordion_icon_group\">\n                                    <div class=\"ekit_accordion_normal_icon\">\n                                        <!-- Normal Icon -->\n\t\t\t\t\t\t\t\t\t\t<svg xmlns=\"http:\/\/www.w3.org\/2000\/svg\" width=\"13\" height=\"13\" viewbox=\"0 0 13 13\" fill=\"none\"><path d=\"M7.34933 6.44364L11.9922 6.44364L11.9922 7.15792L7.34933 7.15792L6.84933 7.15792L6.84933 7.65792L6.84933 12.3008L6.13504 12.3008L6.13504 7.65792L6.13504 7.15792L5.63504 7.15792L0.992186 7.15792L0.992186 6.44364L5.63504 6.44364L6.13504 6.44364L6.13504 5.94364L6.13505 1.30078L6.84933 1.30078L6.84933 5.94364L6.84933 6.44364L7.34933 6.44364Z\" fill=\"black\" stroke=\"black\"><\/path><\/svg>                                    <\/div>\n\n                                    <div class=\"ekit_accordion_active_icon\">\n                                        <!-- Active Icon -->\n\t\t\t\t\t\t\t\t\t\t<svg xmlns=\"http:\/\/www.w3.org\/2000\/svg\" width=\"11\" height=\"11\" viewbox=\"0 0 11 11\" fill=\"none\"><path fill-rule=\"evenodd\" clip-rule=\"evenodd\" d=\"M10.9952 1.84873L9.78303 0.636549L5.93738 4.4822L2.30083 0.845651L1.01895 2.12753L4.6555 5.76408L0.809849 9.60973L2.02203 10.8219L5.86768 6.97627L9.50423 10.6128L10.7861 9.33093L7.14957 5.69438L10.9952 1.84873Z\" fill=\"#436CFF\"><\/path><\/svg>                                    <\/div>\n                                <\/div>\n\n                            \n                                                    <\/a>\n                    <\/div>\n\n                    <div id=\"Collapse-f0f54c169fc6366d43c6\" class=\"collapse\" aria-labelledby=\"primaryHeading-3-59893f9f\" data-parent=\"#accordion-69fc6366d43c6\">\n\n                        <div class=\"elementskit-card-body ekit-accordion--content\">\n                            <p>S\u00ed. Puedes reprogramar o cancelar tu cita con al menos 24 horas de anticipaci\u00f3n. Nuestro equipo estar\u00e1 encantado de ayudarte.<\/p>                        <\/div>\n\n                    <\/div>\n\n                <\/div><!-- .elementskit-card END -->\n\n                \n                <div class=\"elementskit-card\">\n                    <div class=\"elementskit-card-header\" id=\"primaryHeading-4-59893f9f\">\n                        <a href=\"#collapse-d9162c969fc6366d43c6\" class=\"ekit-accordion--toggler elementskit-btn-link collapsed\" data-ekit-toggle=\"collapse\" data-target=\"#Collapse-d9162c969fc6366d43c6\" aria-expanded=\"false\" aria-controls=\"Collapse-d9162c969fc6366d43c6\">\n                            \n                            <span class=\"ekit-accordion-title\">\u00bfPuedo reprogramar o cancelar mi cita?<\/span>\n\n                            \n                                <div class=\"ekit_accordion_icon_group\">\n                                    <div class=\"ekit_accordion_normal_icon\">\n                                        <!-- Normal Icon -->\n\t\t\t\t\t\t\t\t\t\t<svg xmlns=\"http:\/\/www.w3.org\/2000\/svg\" width=\"13\" height=\"13\" viewbox=\"0 0 13 13\" fill=\"none\"><path d=\"M7.34933 6.44364L11.9922 6.44364L11.9922 7.15792L7.34933 7.15792L6.84933 7.15792L6.84933 7.65792L6.84933 12.3008L6.13504 12.3008L6.13504 7.65792L6.13504 7.15792L5.63504 7.15792L0.992186 7.15792L0.992186 6.44364L5.63504 6.44364L6.13504 6.44364L6.13504 5.94364L6.13505 1.30078L6.84933 1.30078L6.84933 5.94364L6.84933 6.44364L7.34933 6.44364Z\" fill=\"black\" stroke=\"black\"><\/path><\/svg>                                    <\/div>\n\n                                    <div class=\"ekit_accordion_active_icon\">\n                                        <!-- Active Icon -->\n\t\t\t\t\t\t\t\t\t\t<svg xmlns=\"http:\/\/www.w3.org\/2000\/svg\" width=\"11\" height=\"11\" viewbox=\"0 0 11 11\" fill=\"none\"><path fill-rule=\"evenodd\" clip-rule=\"evenodd\" d=\"M10.9952 1.84873L9.78303 0.636549L5.93738 4.4822L2.30083 0.845651L1.01895 2.12753L4.6555 5.76408L0.809849 9.60973L2.02203 10.8219L5.86768 6.97627L9.50423 10.6128L10.7861 9.33093L7.14957 5.69438L10.9952 1.84873Z\" fill=\"#436CFF\"><\/path><\/svg>                                    <\/div>\n                                <\/div>\n\n                            \n                                                    <\/a>\n                    <\/div>\n\n                    <div id=\"Collapse-d9162c969fc6366d43c6\" class=\"collapse\" aria-labelledby=\"primaryHeading-4-59893f9f\" data-parent=\"#accordion-69fc6366d43c6\">\n\n                        <div class=\"elementskit-card-body ekit-accordion--content\">\n                            <p>S\u00ed. Puedes reprogramar o cancelar tu cita con al menos 24 horas de anticipaci\u00f3n. Nuestro equipo estar\u00e1 encantado de ayudarte.<\/p>                        <\/div>\n\n                    <\/div>\n\n                <\/div><!-- .elementskit-card END -->\n\n                                        <\/div>\n    <\/div>\t\t\t\t<\/div>\n\t\t\t\t<\/div>\n\t\t\t\t\t<\/div>\n\t\t\t\t<\/div>\n\t\t\t\t<\/div>","protected":false},"excerpt":{"rendered":"<p>FREE Virtual Consultation Planning a trip to Cabo San Lucas for medical care? Begin your journey with confidence through a virtual consultation with renowned orthopedic surgeon Dr. Enrique V\u00e9lez. This one-on-one video appointment is designed for international patients and medical tourists seeking expert advice before traveling. During your live session, Dr. V\u00e9lez will review your [&hellip;]<\/p>","protected":false},"author":2,"featured_media":0,"parent":0,"menu_order":0,"comment_status":"closed","ping_status":"closed","template":"","meta":{"two_page_speed":[],"footnotes":""},"class_list":["post-768","page","type-page","status-publish","hentry"],"yoast_head":"<!-- This site is optimized with the Yoast SEO plugin v26.8 - https:\/\/yoast.com\/product\/yoast-seo-wordpress\/ -->\n<title>virtual consultation - Dr. Enrique V\u00e9lez<\/title>\n<meta name=\"robots\" content=\"index, follow, max-snippet:-1, max-image-preview:large, max-video-preview:-1\" \/>\n<link rel=\"canonical\" href=\"https:\/\/docvelez.com\/es\/virtual-consultation\/\" \/>\n<meta property=\"og:locale\" content=\"es_MX\" \/>\n<meta property=\"og:type\" content=\"article\" \/>\n<meta property=\"og:title\" content=\"virtual consultation - Dr. Enrique V\u00e9lez\" \/>\n<meta property=\"og:description\" content=\"FREE Virtual Consultation Planning a trip to Cabo San Lucas for medical care? Begin your journey with confidence through a virtual consultation with renowned orthopedic surgeon Dr. Enrique V\u00e9lez. This one-on-one video appointment is designed for international patients and medical tourists seeking expert advice before traveling. During your live session, Dr. V\u00e9lez will review your [&hellip;]\" \/>\n<meta property=\"og:url\" content=\"https:\/\/docvelez.com\/es\/virtual-consultation\/\" \/>\n<meta property=\"og:site_name\" content=\"Dr. Enrique V\u00e9lez\" \/>\n<meta property=\"article:modified_time\" content=\"2025-07-20T21:49:44+00:00\" \/>\n<meta property=\"og:image\" content=\"https:\/\/docvelez.com\/wp-content\/uploads\/2025\/07\/DocVelezlogo-2-scaled.png\" \/>\n\t<meta property=\"og:image:width\" content=\"2560\" \/>\n\t<meta property=\"og:image:height\" content=\"1978\" \/>\n\t<meta property=\"og:image:type\" content=\"image\/png\" \/>\n<meta name=\"twitter:card\" content=\"summary_large_image\" \/>\n<meta name=\"twitter:label1\" content=\"Tiempo de lectura\" \/>\n\t<meta name=\"twitter:data1\" content=\"3 minutos\" \/>\n<script type=\"application\/ld+json\" class=\"yoast-schema-graph\">{\"@context\":\"https:\/\/schema.org\",\"@graph\":[{\"@type\":\"WebPage\",\"@id\":\"https:\/\/docvelez.com\/virtual-consultation\/\",\"url\":\"https:\/\/docvelez.com\/virtual-consultation\/\",\"name\":\"virtual consultation - Dr. Enrique V\u00e9lez\",\"isPartOf\":{\"@id\":\"https:\/\/docvelez.com\/#website\"},\"datePublished\":\"2025-07-14T01:57:55+00:00\",\"dateModified\":\"2025-07-20T21:49:44+00:00\",\"breadcrumb\":{\"@id\":\"https:\/\/docvelez.com\/virtual-consultation\/#breadcrumb\"},\"inLanguage\":\"es\",\"potentialAction\":[{\"@type\":\"ReadAction\",\"target\":[\"https:\/\/docvelez.com\/virtual-consultation\/\"]}]},{\"@type\":\"BreadcrumbList\",\"@id\":\"https:\/\/docvelez.com\/virtual-consultation\/#breadcrumb\",\"itemListElement\":[{\"@type\":\"ListItem\",\"position\":1,\"name\":\"Home\",\"item\":\"https:\/\/docvelez.com\/\"},{\"@type\":\"ListItem\",\"position\":2,\"name\":\"virtual consultation\"}]},{\"@type\":\"WebSite\",\"@id\":\"https:\/\/docvelez.com\/#website\",\"url\":\"https:\/\/docvelez.com\/\",\"name\":\"Dr. Enrique V\u00e9lez\",\"description\":\"Orthopedic Surgeon, Reconstructive Trauma Specialist in Cabo San Lucas Mexico\",\"publisher\":{\"@id\":\"https:\/\/docvelez.com\/#\/schema\/person\/ecbb9c8dfb41c0f948eb7437a6466d47\"},\"alternateName\":\"docvelez\",\"potentialAction\":[{\"@type\":\"SearchAction\",\"target\":{\"@type\":\"EntryPoint\",\"urlTemplate\":\"https:\/\/docvelez.com\/?s={search_term_string}\"},\"query-input\":{\"@type\":\"PropertyValueSpecification\",\"valueRequired\":true,\"valueName\":\"search_term_string\"}}],\"inLanguage\":\"es\"},{\"@type\":[\"Person\",\"Organization\"],\"@id\":\"https:\/\/docvelez.com\/#\/schema\/person\/ecbb9c8dfb41c0f948eb7437a6466d47\",\"name\":\"Dr. Enrique V\u00e9lez\",\"image\":{\"@type\":\"ImageObject\",\"inLanguage\":\"es\",\"@id\":\"https:\/\/docvelez.com\/#\/schema\/person\/image\/\",\"url\":\"https:\/\/docvelez.com\/wp-content\/uploads\/2025\/07\/DR.-E-N-R-I-Q-U-E-V-E-L-E-Z.png\",\"contentUrl\":\"https:\/\/docvelez.com\/wp-content\/uploads\/2025\/07\/DR.-E-N-R-I-Q-U-E-V-E-L-E-Z.png\",\"width\":1000,\"height\":1000,\"caption\":\"Dr. Enrique V\u00e9lez\"},\"logo\":{\"@id\":\"https:\/\/docvelez.com\/#\/schema\/person\/image\/\"}}]}<\/script>\n<!-- \/ Yoast SEO plugin. -->","yoast_head_json":{"title":"virtual consultation - Dr. Enrique V\u00e9lez","robots":{"index":"index","follow":"follow","max-snippet":"max-snippet:-1","max-image-preview":"max-image-preview:large","max-video-preview":"max-video-preview:-1"},"canonical":"https:\/\/docvelez.com\/es\/virtual-consultation\/","og_locale":"es_MX","og_type":"article","og_title":"virtual consultation - Dr. Enrique V\u00e9lez","og_description":"FREE Virtual Consultation Planning a trip to Cabo San Lucas for medical care? Begin your journey with confidence through a virtual consultation with renowned orthopedic surgeon Dr. Enrique V\u00e9lez. This one-on-one video appointment is designed for international patients and medical tourists seeking expert advice before traveling. During your live session, Dr. V\u00e9lez will review your [&hellip;]","og_url":"https:\/\/docvelez.com\/es\/virtual-consultation\/","og_site_name":"Dr. Enrique V\u00e9lez","article_modified_time":"2025-07-20T21:49:44+00:00","og_image":[{"width":2560,"height":1978,"url":"https:\/\/docvelez.com\/wp-content\/uploads\/2025\/07\/DocVelezlogo-2-scaled.png","type":"image\/png"}],"twitter_card":"summary_large_image","twitter_misc":{"Tiempo de lectura":"3 minutos"},"schema":{"@context":"https:\/\/schema.org","@graph":[{"@type":"WebPage","@id":"https:\/\/docvelez.com\/virtual-consultation\/","url":"https:\/\/docvelez.com\/virtual-consultation\/","name":"virtual consultation - Dr. Enrique V\u00e9lez","isPartOf":{"@id":"https:\/\/docvelez.com\/#website"},"datePublished":"2025-07-14T01:57:55+00:00","dateModified":"2025-07-20T21:49:44+00:00","breadcrumb":{"@id":"https:\/\/docvelez.com\/virtual-consultation\/#breadcrumb"},"inLanguage":"es","potentialAction":[{"@type":"ReadAction","target":["https:\/\/docvelez.com\/virtual-consultation\/"]}]},{"@type":"BreadcrumbList","@id":"https:\/\/docvelez.com\/virtual-consultation\/#breadcrumb","itemListElement":[{"@type":"ListItem","position":1,"name":"Home","item":"https:\/\/docvelez.com\/"},{"@type":"ListItem","position":2,"name":"virtual consultation"}]},{"@type":"WebSite","@id":"https:\/\/docvelez.com\/#website","url":"https:\/\/docvelez.com\/","name":"Dr. Enrique V\u00e9lez","description":"Orthopedic Surgeon, Reconstructive Trauma Specialist in Cabo San Lucas Mexico","publisher":{"@id":"https:\/\/docvelez.com\/#\/schema\/person\/ecbb9c8dfb41c0f948eb7437a6466d47"},"alternateName":"docvelez","potentialAction":[{"@type":"SearchAction","target":{"@type":"EntryPoint","urlTemplate":"https:\/\/docvelez.com\/?s={search_term_string}"},"query-input":{"@type":"PropertyValueSpecification","valueRequired":true,"valueName":"search_term_string"}}],"inLanguage":"es"},{"@type":["Person","Organization"],"@id":"https:\/\/docvelez.com\/#\/schema\/person\/ecbb9c8dfb41c0f948eb7437a6466d47","name":"Dr. Enrique V\u00e9lez","image":{"@type":"ImageObject","inLanguage":"es","@id":"https:\/\/docvelez.com\/#\/schema\/person\/image\/","url":"https:\/\/docvelez.com\/wp-content\/uploads\/2025\/07\/DR.-E-N-R-I-Q-U-E-V-E-L-E-Z.png","contentUrl":"https:\/\/docvelez.com\/wp-content\/uploads\/2025\/07\/DR.-E-N-R-I-Q-U-E-V-E-L-E-Z.png","width":1000,"height":1000,"caption":"Dr. Enrique V\u00e9lez"},"logo":{"@id":"https:\/\/docvelez.com\/#\/schema\/person\/image\/"}}]}},"_links":{"self":[{"href":"https:\/\/docvelez.com\/es\/wp-json\/wp\/v2\/pages\/768","targetHints":{"allow":["GET"]}}],"collection":[{"href":"https:\/\/docvelez.com\/es\/wp-json\/wp\/v2\/pages"}],"about":[{"href":"https:\/\/docvelez.com\/es\/wp-json\/wp\/v2\/types\/page"}],"author":[{"embeddable":true,"href":"https:\/\/docvelez.com\/es\/wp-json\/wp\/v2\/users\/2"}],"replies":[{"embeddable":true,"href":"https:\/\/docvelez.com\/es\/wp-json\/wp\/v2\/comments?post=768"}],"version-history":[{"count":0,"href":"https:\/\/docvelez.com\/es\/wp-json\/wp\/v2\/pages\/768\/revisions"}],"wp:attachment":[{"href":"https:\/\/docvelez.com\/es\/wp-json\/wp\/v2\/media?parent=768"}],"curies":[{"name":"wp","href":"https:\/\/api.w.org\/{rel}","templated":true}]}}